{"id":11960,"date":"2025-12-16T18:02:10","date_gmt":"2025-12-16T16:02:10","guid":{"rendered":"https:\/\/ursus.ee\/toode\/wc-seep-hygienefresh-lilac-2\/"},"modified":"2026-03-27T15:36:09","modified_gmt":"2026-03-27T13:36:09","slug":"wc-seep-hygienefresh-lilac-2","status":"publish","type":"product","link":"https:\/\/ursus.ee\/en\/toode\/wc-seep-hygienefresh-lilac-2\/","title":{"rendered":"WC-seep Hygiene&#038;Fresh Lilac"},"content":{"rendered":"<p>Meeldivalt v\u00e4rske sirelil\u00f5hnaline 2-faasilineWC-seep v\u00e4rskendab, h\u00e4vitab bakterid, hoiab \u00e4ra katlakivi tekkimise, neutraliseerib ebameeldiva l\u00f5hna. Pakendis 3x45g tualetiseepi.<\/p>\n","protected":false},"excerpt":{"rendered":"<p>Meeldivalt v\u00e4rske sirelil\u00f5hnaline 2-faasilineWC-seep v\u00e4rskendab, h\u00e4vitab bakterid, hoiab \u00e4ra katlakivi tekkimise, neutraliseerib ebameeldiva l\u00f5hna. Pakendis 3x45g tualetiseepi.<\/p>\n","protected":false},"featured_media":13922,"comment_status":"closed","ping_status":"closed","template":"","meta":{"_acf_changed":false},"product_brand":[359],"product_cat":[116,397],"product_tag":[],"class_list":{"0":"post-11960","1":"product","2":"type-product","3":"status-publish","4":"has-post-thumbnail","6":"product_brand-brait","7":"product_cat-puhastusvahendid","8":"product_cat-tualetipuhastusvahendid","9":"pa_kogus-3x45-g","10":"pa_paritolumaa-poola","11":"pa_uhik-g","13":"first","14":"instock","15":"purchasable","16":"product-type-simple"},"acf":[],"_links":{"self":[{"href":"https:\/\/ursus.ee\/en\/wp-json\/wp\/v2\/product\/11960","targetHints":{"allow":["GET"]}}],"collection":[{"href":"https:\/\/ursus.ee\/en\/wp-json\/wp\/v2\/product"}],"about":[{"href":"https:\/\/ursus.ee\/en\/wp-json\/wp\/v2\/types\/product"}],"replies":[{"embeddable":true,"href":"https:\/\/ursus.ee\/en\/wp-json\/wp\/v2\/comments?post=11960"}],"wp:featuredmedia":[{"embeddable":true,"href":"https:\/\/ursus.ee\/en\/wp-json\/wp\/v2\/media\/13922"}],"wp:attachment":[{"href":"https:\/\/ursus.ee\/en\/wp-json\/wp\/v2\/media?parent=11960"}],"wp:term":[{"taxonomy":"product_brand","embeddable":true,"href":"https:\/\/ursus.ee\/en\/wp-json\/wp\/v2\/product_brand?post=11960"},{"taxonomy":"product_cat","embeddable":true,"href":"https:\/\/ursus.ee\/en\/wp-json\/wp\/v2\/product_cat?post=11960"},{"taxonomy":"product_tag","embeddable":true,"href":"https:\/\/ursus.ee\/en\/wp-json\/wp\/v2\/product_tag?post=11960"}],"curies":[{"name":"wp","href":"https:\/\/api.w.org\/{rel}","templated":true}]}}