{"id":11958,"date":"2025-12-16T18:02:10","date_gmt":"2025-12-16T16:02:10","guid":{"rendered":"https:\/\/ursus.ee\/toode\/wc-seep-color-water-green-lagoon-2\/"},"modified":"2026-03-27T15:36:09","modified_gmt":"2026-03-27T13:36:09","slug":"wc-seep-color-water-green-lagoon-2","status":"publish","type":"product","link":"https:\/\/ursus.ee\/en\/toode\/wc-seep-color-water-green-lagoon-2\/","title":{"rendered":"WC-seep Color Water Green Lagoon"},"content":{"rendered":"<p>Meeldivalt v\u00e4rske m\u00fcndil\u00f5hnaline tualetiseep imiteerib laguunisinise mere v\u00e4rvi ja l\u00f5hna. Meeldiv m\u00fcndi ja eukal\u00fcpti l\u00f5hn tagab v\u00e4rskuse sinu tualettruumis ning aktiivsed vahuosakesed muudavad loputusvee v\u00e4rvi kaunilt laguunisiniseks. Seebi 4in1 akviinve koositis puhastab tualetipoti, ennetab katlakivi teket ning v\u00e4rskendab \u00f5hku vaid \u00fche veet\u00f5mbega. Tualetiseebi \u00fcmbrise ja kinnituskonksu innovatiivne kuju sobitub h\u00e4sti pea k\u00f5ikidele tualettpottidele, mis tagab parima tulemuse puhastusel ja v\u00e4rskendamisel.<\/p>\n","protected":false},"excerpt":{"rendered":"<p>Meeldivalt v\u00e4rske m\u00fcndil\u00f5hnaline tualetiseep imiteerib laguunisinise mere v\u00e4rvi ja l\u00f5hna. Meeldiv m\u00fcndi ja eukal\u00fcpti l\u00f5hn tagab v\u00e4rskuse sinu tualettruumis ning aktiivsed vahuosakesed muudavad loputusvee v\u00e4rvi kaunilt laguunisiniseks. Seebi 4in1 akviinve koositis puhastab tualetipoti, ennetab katlakivi teket ning v\u00e4rskendab \u00f5hku vaid \u00fche veet\u00f5mbega. Tualetiseebi \u00fcmbrise ja kinnituskonksu innovatiivne kuju sobitub h\u00e4sti pea k\u00f5ikidele tualettpottidele, mis tagab<\/p>\n","protected":false},"featured_media":13917,"comment_status":"closed","ping_status":"closed","template":"","meta":{"_acf_changed":false},"product_brand":[359],"product_cat":[116,397],"product_tag":[],"class_list":{"0":"post-11958","1":"product","2":"type-product","3":"status-publish","4":"has-post-thumbnail","6":"product_brand-brait","7":"product_cat-puhastusvahendid","8":"product_cat-tualetipuhastusvahendid","9":"pa_kogus-40-g","10":"pa_paritolumaa-poola","11":"pa_uhik-g","13":"first","14":"instock","15":"purchasable","16":"product-type-simple"},"acf":[],"_links":{"self":[{"href":"https:\/\/ursus.ee\/en\/wp-json\/wp\/v2\/product\/11958","targetHints":{"allow":["GET"]}}],"collection":[{"href":"https:\/\/ursus.ee\/en\/wp-json\/wp\/v2\/product"}],"about":[{"href":"https:\/\/ursus.ee\/en\/wp-json\/wp\/v2\/types\/product"}],"replies":[{"embeddable":true,"href":"https:\/\/ursus.ee\/en\/wp-json\/wp\/v2\/comments?post=11958"}],"wp:featuredmedia":[{"embeddable":true,"href":"https:\/\/ursus.ee\/en\/wp-json\/wp\/v2\/media\/13917"}],"wp:attachment":[{"href":"https:\/\/ursus.ee\/en\/wp-json\/wp\/v2\/media?parent=11958"}],"wp:term":[{"taxonomy":"product_brand","embeddable":true,"href":"https:\/\/ursus.ee\/en\/wp-json\/wp\/v2\/product_brand?post=11958"},{"taxonomy":"product_cat","embeddable":true,"href":"https:\/\/ursus.ee\/en\/wp-json\/wp\/v2\/product_cat?post=11958"},{"taxonomy":"product_tag","embeddable":true,"href":"https:\/\/ursus.ee\/en\/wp-json\/wp\/v2\/product_tag?post=11958"}],"curies":[{"name":"wp","href":"https:\/\/api.w.org\/{rel}","templated":true}]}}