{"id":11947,"date":"2025-12-16T18:01:04","date_gmt":"2025-12-16T16:01:04","guid":{"rendered":"https:\/\/ursus.ee\/toode\/wc-loputuskasti-tablett-ocean-2\/"},"modified":"2026-03-27T15:36:09","modified_gmt":"2026-03-27T13:36:09","slug":"wc-loputuskasti-tablett-ocean-2","status":"publish","type":"product","link":"https:\/\/ursus.ee\/en\/toode\/wc-loputuskasti-tablett-ocean-2\/","title":{"rendered":"WC loputuskasti tablett Ocean"},"content":{"rendered":"<p>Puhtus ja v\u00e4rskus iga veet\u00f5mbega! Tekitab vahtu, annab veele v\u00e4rvi ja j\u00e4tab meeldiva l\u00f5hna. Desinfitseerib, eemaldab mustuse ja ennetab sette ladestumist WC potis ja loputuskastis. Tableti asetamisel loputuskasti ei ole vaja eemaldada kilet.<\/p>\n","protected":false},"excerpt":{"rendered":"<p>Puhtus ja v\u00e4rskus iga veet\u00f5mbega! Tekitab vahtu, annab veele v\u00e4rvi ja j\u00e4tab meeldiva l\u00f5hna. Desinfitseerib, eemaldab mustuse ja ennetab sette ladestumist WC potis ja loputuskastis. Tableti asetamisel loputuskasti ei ole vaja eemaldada kilet.<\/p>\n","protected":false},"featured_media":13966,"comment_status":"closed","ping_status":"closed","template":"","meta":{"_acf_changed":false},"product_brand":[359],"product_cat":[116,397],"product_tag":[],"class_list":{"0":"post-11947","1":"product","2":"type-product","3":"status-publish","4":"has-post-thumbnail","6":"product_brand-brait","7":"product_cat-puhastusvahendid","8":"product_cat-tualetipuhastusvahendid","9":"pa_kogus-50-g","10":"pa_paritolumaa-poola","11":"pa_uhik-g","13":"first","14":"instock","15":"purchasable","16":"product-type-simple"},"acf":[],"_links":{"self":[{"href":"https:\/\/ursus.ee\/en\/wp-json\/wp\/v2\/product\/11947","targetHints":{"allow":["GET"]}}],"collection":[{"href":"https:\/\/ursus.ee\/en\/wp-json\/wp\/v2\/product"}],"about":[{"href":"https:\/\/ursus.ee\/en\/wp-json\/wp\/v2\/types\/product"}],"replies":[{"embeddable":true,"href":"https:\/\/ursus.ee\/en\/wp-json\/wp\/v2\/comments?post=11947"}],"wp:featuredmedia":[{"embeddable":true,"href":"https:\/\/ursus.ee\/en\/wp-json\/wp\/v2\/media\/13966"}],"wp:attachment":[{"href":"https:\/\/ursus.ee\/en\/wp-json\/wp\/v2\/media?parent=11947"}],"wp:term":[{"taxonomy":"product_brand","embeddable":true,"href":"https:\/\/ursus.ee\/en\/wp-json\/wp\/v2\/product_brand?post=11947"},{"taxonomy":"product_cat","embeddable":true,"href":"https:\/\/ursus.ee\/en\/wp-json\/wp\/v2\/product_cat?post=11947"},{"taxonomy":"product_tag","embeddable":true,"href":"https:\/\/ursus.ee\/en\/wp-json\/wp\/v2\/product_tag?post=11947"}],"curies":[{"name":"wp","href":"https:\/\/api.w.org\/{rel}","templated":true}]}}