{"id":11944,"date":"2025-12-16T18:01:04","date_gmt":"2025-12-16T16:01:04","guid":{"rendered":"https:\/\/ursus.ee\/toode\/vahutav-tualetipuhastuspulber-lemon-basil-2\/"},"modified":"2026-03-27T15:36:09","modified_gmt":"2026-03-27T13:36:09","slug":"vahutav-tualetipuhastuspulber-lemon-basil-2","status":"publish","type":"product","link":"https:\/\/ursus.ee\/en\/toode\/vahutav-tualetipuhastuspulber-lemon-basil-2\/","title":{"rendered":"Vahutav tualetipuhastuspulber Lemon &#038; Basil"},"content":{"rendered":"<p>BRAIT vahutav tualettpuhastuspulber on t\u00f5hus ja v\u00e4rske. Eemaldab t\u00f5husalt katlakivi. Meeldiva ja v\u00e4rske l\u00f5hnaga. T\u00e4nu vahu konsistentsile j\u00f5uab toode raskesti ligip\u00e4\u00e4setavatesse kohtadesse, tagades p\u00f5hjaliku puhastamise.<\/p>\n","protected":false},"excerpt":{"rendered":"<p>BRAIT vahutav tualettpuhastuspulber on t\u00f5hus ja v\u00e4rske. Eemaldab t\u00f5husalt katlakivi. Meeldiva ja v\u00e4rske l\u00f5hnaga. T\u00e4nu vahu konsistentsile j\u00f5uab toode raskesti ligip\u00e4\u00e4setavatesse kohtadesse, tagades p\u00f5hjaliku puhastamise.<\/p>\n","protected":false},"featured_media":13959,"comment_status":"closed","ping_status":"closed","template":"","meta":{"_acf_changed":false},"product_brand":[359],"product_cat":[116,397],"product_tag":[],"class_list":{"0":"post-11944","1":"product","2":"type-product","3":"status-publish","4":"has-post-thumbnail","6":"product_brand-brait","7":"product_cat-puhastusvahendid","8":"product_cat-tualetipuhastusvahendid","9":"pa_kogus-100-g","10":"pa_koostis-citral-terpinoleen-hexyl-cinnamal-anethole-limonene-eugenol-pinene-camphor","11":"pa_paritolumaa-poola","12":"pa_uhik-g","14":"first","15":"instock","16":"purchasable","17":"product-type-simple"},"acf":[],"_links":{"self":[{"href":"https:\/\/ursus.ee\/en\/wp-json\/wp\/v2\/product\/11944","targetHints":{"allow":["GET"]}}],"collection":[{"href":"https:\/\/ursus.ee\/en\/wp-json\/wp\/v2\/product"}],"about":[{"href":"https:\/\/ursus.ee\/en\/wp-json\/wp\/v2\/types\/product"}],"replies":[{"embeddable":true,"href":"https:\/\/ursus.ee\/en\/wp-json\/wp\/v2\/comments?post=11944"}],"wp:featuredmedia":[{"embeddable":true,"href":"https:\/\/ursus.ee\/en\/wp-json\/wp\/v2\/media\/13959"}],"wp:attachment":[{"href":"https:\/\/ursus.ee\/en\/wp-json\/wp\/v2\/media?parent=11944"}],"wp:term":[{"taxonomy":"product_brand","embeddable":true,"href":"https:\/\/ursus.ee\/en\/wp-json\/wp\/v2\/product_brand?post=11944"},{"taxonomy":"product_cat","embeddable":true,"href":"https:\/\/ursus.ee\/en\/wp-json\/wp\/v2\/product_cat?post=11944"},{"taxonomy":"product_tag","embeddable":true,"href":"https:\/\/ursus.ee\/en\/wp-json\/wp\/v2\/product_tag?post=11944"}],"curies":[{"name":"wp","href":"https:\/\/api.w.org\/{rel}","templated":true}]}}