{"id":11942,"date":"2025-12-16T18:01:04","date_gmt":"2025-12-16T16:01:04","guid":{"rendered":"https:\/\/ursus.ee\/toode\/sampoon-varskendav-rasvastele-juustele-2\/"},"modified":"2026-03-27T16:24:57","modified_gmt":"2026-03-27T14:24:57","slug":"sampoon-varskendav-rasvastele-juustele-2","status":"publish","type":"product","link":"https:\/\/ursus.ee\/en\/toode\/sampoon-varskendav-rasvastele-juustele-2\/","title":{"rendered":"\u0160ampoon V\u00e4rskendav rasvastele juustele"},"content":{"rendered":"<p>\u0160ampoon on loodud spetsiaalselt rasuste juuste hoolduseks.<br \/>\nKoostis on rikastatud n\u00f5geseekstraktiga, mis on tuntud oma puhastavate omaduste poolest, ning siidiga, mis on tuntud oma niisutavate omaduste poolest.<br \/>\n\u0160ampooni pH on neutraalne nahale. Sobib igap\u00e4evaseks kasutamiseks.<\/p>\n","protected":false},"excerpt":{"rendered":"<p>\u0160ampoon on loodud spetsiaalselt rasuste juuste hoolduseks. Koostis on rikastatud n\u00f5geseekstraktiga, mis on tuntud oma puhastavate omaduste poolest, ning siidiga, mis on tuntud oma niisutavate omaduste poolest. \u0160ampooni pH on neutraalne nahale. Sobib igap\u00e4evaseks kasutamiseks.<\/p>\n","protected":false},"featured_media":13955,"comment_status":"closed","ping_status":"closed","template":"","meta":{"_acf_changed":false},"product_brand":[383],"product_cat":[244,307],"product_tag":[],"class_list":{"0":"post-11942","1":"product","2":"type-product","3":"status-publish","4":"has-post-thumbnail","6":"product_brand-look-expert","7":"product_cat-kehahooldus","8":"product_cat-juuksehooldus","9":"pa_kogus-400-ml","10":"pa_koostis-aqua-sodium-laureth-sulfate-sodium-chloride-cocamide-dea-cocamidopropyl-betaine-sodium-cocoamphoacetate-glycol-distearate-steareth-4-peg-7-glyceryl-cocoate-dimethicone-urtica-dioica-extract","11":"pa_paritolumaa-poola","12":"pa_uhik-ml","14":"first","15":"instock","16":"purchasable","17":"product-type-simple"},"acf":[],"_links":{"self":[{"href":"https:\/\/ursus.ee\/en\/wp-json\/wp\/v2\/product\/11942","targetHints":{"allow":["GET"]}}],"collection":[{"href":"https:\/\/ursus.ee\/en\/wp-json\/wp\/v2\/product"}],"about":[{"href":"https:\/\/ursus.ee\/en\/wp-json\/wp\/v2\/types\/product"}],"replies":[{"embeddable":true,"href":"https:\/\/ursus.ee\/en\/wp-json\/wp\/v2\/comments?post=11942"}],"wp:featuredmedia":[{"embeddable":true,"href":"https:\/\/ursus.ee\/en\/wp-json\/wp\/v2\/media\/13955"}],"wp:attachment":[{"href":"https:\/\/ursus.ee\/en\/wp-json\/wp\/v2\/media?parent=11942"}],"wp:term":[{"taxonomy":"product_brand","embeddable":true,"href":"https:\/\/ursus.ee\/en\/wp-json\/wp\/v2\/product_brand?post=11942"},{"taxonomy":"product_cat","embeddable":true,"href":"https:\/\/ursus.ee\/en\/wp-json\/wp\/v2\/product_cat?post=11942"},{"taxonomy":"product_tag","embeddable":true,"href":"https:\/\/ursus.ee\/en\/wp-json\/wp\/v2\/product_tag?post=11942"}],"curies":[{"name":"wp","href":"https:\/\/api.w.org\/{rel}","templated":true}]}}