{"id":11941,"date":"2025-12-16T18:01:04","date_gmt":"2025-12-16T16:01:04","guid":{"rendered":"https:\/\/ursus.ee\/toode\/sampoon-taastav-kuivadele-juustele-2\/"},"modified":"2026-03-27T16:24:56","modified_gmt":"2026-03-27T14:24:56","slug":"sampoon-taastav-kuivadele-juustele-2","status":"publish","type":"product","link":"https:\/\/ursus.ee\/en\/toode\/sampoon-taastav-kuivadele-juustele-2\/","title":{"rendered":"\u0160ampoon Taastav kuivadele juustele"},"content":{"rendered":"<p>Look Expert Intensive Repair on taastav \u0161ampoon kuivadele ja kahjustatud juustele. Toode on v\u00e4lja t\u00f6\u00f6tatud spetsiaalselt juustele, mis on n\u00f5rgenenud kuumt\u00f6\u00f6tluse, v\u00e4rvimise v\u00f5i muude salongiprotseduuride t\u00f5ttu. Rikastatud pro-vitamiin B5-ga, mis tugevdab ja niisutab juukseid. Sisaldab siidiproteiine, mis siluvad juuksepinda, taastavad elastsust ja lisavad l\u00e4iget. Puhastab \u00f5rnalt, samal ajal toites ja kaitstes juukseid kuivuse eest.<\/p>\n","protected":false},"excerpt":{"rendered":"<p>Look Expert Intensive Repair on taastav \u0161ampoon kuivadele ja kahjustatud juustele. Toode on v\u00e4lja t\u00f6\u00f6tatud spetsiaalselt juustele, mis on n\u00f5rgenenud kuumt\u00f6\u00f6tluse, v\u00e4rvimise v\u00f5i muude salongiprotseduuride t\u00f5ttu. Rikastatud pro-vitamiin B5-ga, mis tugevdab ja niisutab juukseid. Sisaldab siidiproteiine, mis siluvad juuksepinda, taastavad elastsust ja lisavad l\u00e4iget. Puhastab \u00f5rnalt, samal ajal toites ja kaitstes juukseid kuivuse eest.<\/p>\n","protected":false},"featured_media":13953,"comment_status":"closed","ping_status":"closed","template":"","meta":{"_acf_changed":false},"product_brand":[383],"product_cat":[244,307],"product_tag":[],"class_list":{"0":"post-11941","1":"product","2":"type-product","3":"status-publish","4":"has-post-thumbnail","6":"product_brand-look-expert","7":"product_cat-kehahooldus","8":"product_cat-juuksehooldus","9":"pa_kogus-400-ml","10":"pa_paritolumaa-poola","11":"pa_uhik-ml","13":"first","14":"instock","15":"purchasable","16":"product-type-simple"},"acf":[],"_links":{"self":[{"href":"https:\/\/ursus.ee\/en\/wp-json\/wp\/v2\/product\/11941","targetHints":{"allow":["GET"]}}],"collection":[{"href":"https:\/\/ursus.ee\/en\/wp-json\/wp\/v2\/product"}],"about":[{"href":"https:\/\/ursus.ee\/en\/wp-json\/wp\/v2\/types\/product"}],"replies":[{"embeddable":true,"href":"https:\/\/ursus.ee\/en\/wp-json\/wp\/v2\/comments?post=11941"}],"wp:featuredmedia":[{"embeddable":true,"href":"https:\/\/ursus.ee\/en\/wp-json\/wp\/v2\/media\/13953"}],"wp:attachment":[{"href":"https:\/\/ursus.ee\/en\/wp-json\/wp\/v2\/media?parent=11941"}],"wp:term":[{"taxonomy":"product_brand","embeddable":true,"href":"https:\/\/ursus.ee\/en\/wp-json\/wp\/v2\/product_brand?post=11941"},{"taxonomy":"product_cat","embeddable":true,"href":"https:\/\/ursus.ee\/en\/wp-json\/wp\/v2\/product_cat?post=11941"},{"taxonomy":"product_tag","embeddable":true,"href":"https:\/\/ursus.ee\/en\/wp-json\/wp\/v2\/product_tag?post=11941"}],"curies":[{"name":"wp","href":"https:\/\/api.w.org\/{rel}","templated":true}]}}