{"id":11937,"date":"2025-12-16T18:01:04","date_gmt":"2025-12-16T16:01:04","guid":{"rendered":"https:\/\/ursus.ee\/toode\/pruunistav-kehavaht-coconut-sunset-2\/"},"modified":"2026-03-27T16:23:55","modified_gmt":"2026-03-27T14:23:55","slug":"pruunistav-kehavaht-coconut-sunset-2","status":"publish","type":"product","link":"https:\/\/ursus.ee\/en\/toode\/pruunistav-kehavaht-coconut-sunset-2\/","title":{"rendered":"Pruunistav kehavaht Coconut &#038; Sunset"},"content":{"rendered":"<p>Coconut &amp; Sunset Bronzing Body Foam \u00fchendab kehahoolduse ja loomuliku p\u00e4evituse efekti. Rikkalik siidine vaht niisutab nahka kookosvee ja aaloe veraga, samal ajal andes sellele kauni kuldse kuma. Eksootiline kookose ja sooja p\u00e4ikeseloojangu aroom loob m\u00f5nusa suvise meeleolu ning j\u00e4tab naha pehmeks, siledaks ja s\u00e4ravaks. Sobib k\u00f5igile, kes soovivad kiirelt ja mugavalt lisada nahale veetlevat jumet ilma p\u00e4ikese k\u00e4es viibimata.<\/p>\n","protected":false},"excerpt":{"rendered":"<p>Coconut &amp; Sunset Bronzing Body Foam \u00fchendab kehahoolduse ja loomuliku p\u00e4evituse efekti. Rikkalik siidine vaht niisutab nahka kookosvee ja aaloe veraga, samal ajal andes sellele kauni kuldse kuma. Eksootiline kookose ja sooja p\u00e4ikeseloojangu aroom loob m\u00f5nusa suvise meeleolu ning j\u00e4tab naha pehmeks, siledaks ja s\u00e4ravaks. Sobib k\u00f5igile, kes soovivad kiirelt ja mugavalt lisada nahale veetlevat<\/p>\n","protected":false},"featured_media":13943,"comment_status":"closed","ping_status":"closed","template":"","meta":{"_acf_changed":false},"product_brand":[365],"product_cat":[244,262],"product_tag":[],"class_list":{"0":"post-11937","1":"product","2":"type-product","3":"status-publish","4":"has-post-thumbnail","6":"product_brand-sweet-candy","7":"product_cat-kehahooldus","8":"product_cat-kehakreemid","9":"pa_kogus-250-ml","10":"pa_paritolumaa-poola","11":"pa_uhik-ml","13":"first","14":"instock","15":"purchasable","16":"product-type-simple"},"acf":[],"_links":{"self":[{"href":"https:\/\/ursus.ee\/en\/wp-json\/wp\/v2\/product\/11937","targetHints":{"allow":["GET"]}}],"collection":[{"href":"https:\/\/ursus.ee\/en\/wp-json\/wp\/v2\/product"}],"about":[{"href":"https:\/\/ursus.ee\/en\/wp-json\/wp\/v2\/types\/product"}],"replies":[{"embeddable":true,"href":"https:\/\/ursus.ee\/en\/wp-json\/wp\/v2\/comments?post=11937"}],"wp:featuredmedia":[{"embeddable":true,"href":"https:\/\/ursus.ee\/en\/wp-json\/wp\/v2\/media\/13943"}],"wp:attachment":[{"href":"https:\/\/ursus.ee\/en\/wp-json\/wp\/v2\/media?parent=11937"}],"wp:term":[{"taxonomy":"product_brand","embeddable":true,"href":"https:\/\/ursus.ee\/en\/wp-json\/wp\/v2\/product_brand?post=11937"},{"taxonomy":"product_cat","embeddable":true,"href":"https:\/\/ursus.ee\/en\/wp-json\/wp\/v2\/product_cat?post=11937"},{"taxonomy":"product_tag","embeddable":true,"href":"https:\/\/ursus.ee\/en\/wp-json\/wp\/v2\/product_tag?post=11937"}],"curies":[{"name":"wp","href":"https:\/\/api.w.org\/{rel}","templated":true}]}}