{"id":11931,"date":"2025-12-16T18:01:04","date_gmt":"2025-12-16T16:01:04","guid":{"rendered":"https:\/\/ursus.ee\/toode\/ohuvarskendi-purple-lips-2\/"},"modified":"2026-03-27T15:36:08","modified_gmt":"2026-03-27T13:36:08","slug":"ohuvarskendi-purple-lips-2","status":"publish","type":"product","link":"https:\/\/ursus.ee\/en\/toode\/ohuvarskendi-purple-lips-2\/","title":{"rendered":"\u00d5huv\u00e4rskendi Purple Lips"},"content":{"rendered":"<p>Meeldivalt \u00f5rna l\u00f5hnaga \u00f5huv\u00e4rskendi v\u00e4rskendab \u00f5hku ja neutraliseerib ebameeldiva l\u00f5hna.<\/p>\n","protected":false},"excerpt":{"rendered":"<p>Meeldivalt \u00f5rna l\u00f5hnaga \u00f5huv\u00e4rskendi v\u00e4rskendab \u00f5hku ja neutraliseerib ebameeldiva l\u00f5hna.<\/p>\n","protected":false},"featured_media":14346,"comment_status":"closed","ping_status":"closed","template":"","meta":{"_acf_changed":false},"product_brand":[359],"product_cat":[116,360],"product_tag":[],"class_list":{"0":"post-11931","1":"product","2":"type-product","3":"status-publish","4":"has-post-thumbnail","6":"product_brand-brait","7":"product_cat-puhastusvahendid","8":"product_cat-ruumilohnastajad","9":"pa_kogus-300-ml","10":"pa_paritolumaa-poola","11":"pa_uhik-ml","13":"first","14":"instock","15":"purchasable","16":"product-type-simple"},"acf":[],"_links":{"self":[{"href":"https:\/\/ursus.ee\/en\/wp-json\/wp\/v2\/product\/11931","targetHints":{"allow":["GET"]}}],"collection":[{"href":"https:\/\/ursus.ee\/en\/wp-json\/wp\/v2\/product"}],"about":[{"href":"https:\/\/ursus.ee\/en\/wp-json\/wp\/v2\/types\/product"}],"replies":[{"embeddable":true,"href":"https:\/\/ursus.ee\/en\/wp-json\/wp\/v2\/comments?post=11931"}],"wp:featuredmedia":[{"embeddable":true,"href":"https:\/\/ursus.ee\/en\/wp-json\/wp\/v2\/media\/14346"}],"wp:attachment":[{"href":"https:\/\/ursus.ee\/en\/wp-json\/wp\/v2\/media?parent=11931"}],"wp:term":[{"taxonomy":"product_brand","embeddable":true,"href":"https:\/\/ursus.ee\/en\/wp-json\/wp\/v2\/product_brand?post=11931"},{"taxonomy":"product_cat","embeddable":true,"href":"https:\/\/ursus.ee\/en\/wp-json\/wp\/v2\/product_cat?post=11931"},{"taxonomy":"product_tag","embeddable":true,"href":"https:\/\/ursus.ee\/en\/wp-json\/wp\/v2\/product_tag?post=11931"}],"curies":[{"name":"wp","href":"https:\/\/api.w.org\/{rel}","templated":true}]}}