{"id":11929,"date":"2025-12-16T17:59:45","date_gmt":"2025-12-16T15:59:45","guid":{"rendered":"https:\/\/ursus.ee\/toode\/ohuvarskendi-ocean-3in1-2\/"},"modified":"2026-03-27T15:36:08","modified_gmt":"2026-03-27T13:36:08","slug":"ohuvarskendi-ocean-3in1-2","status":"publish","type":"product","link":"https:\/\/ursus.ee\/en\/toode\/ohuvarskendi-ocean-3in1-2\/","title":{"rendered":"\u00d5huv\u00e4rskendi Ocean 3in1"},"content":{"rendered":"<p>Uudne 3 \u00fches koostis. Neutraliseerib ebameeldivad l\u00f5hnad, v\u00e4rskendab ja niisutab \u00f5hku.<\/p>\n","protected":false},"excerpt":{"rendered":"<p>Uudne 3 \u00fches koostis. Neutraliseerib ebameeldivad l\u00f5hnad, v\u00e4rskendab ja niisutab \u00f5hku.<\/p>\n","protected":false},"featured_media":14023,"comment_status":"closed","ping_status":"closed","template":"","meta":{"_acf_changed":false},"product_brand":[359],"product_cat":[116,360],"product_tag":[],"class_list":{"0":"post-11929","1":"product","2":"type-product","3":"status-publish","4":"has-post-thumbnail","6":"product_brand-brait","7":"product_cat-puhastusvahendid","8":"product_cat-ruumilohnastajad","9":"pa_kogus-300-ml","10":"pa_koostis-propaan-butaan-isobutaan-isopropuulalkohol-lohnaained","11":"pa_paritolumaa-poola","12":"pa_uhik-ml","14":"first","15":"instock","16":"purchasable","17":"product-type-simple"},"acf":[],"_links":{"self":[{"href":"https:\/\/ursus.ee\/en\/wp-json\/wp\/v2\/product\/11929","targetHints":{"allow":["GET"]}}],"collection":[{"href":"https:\/\/ursus.ee\/en\/wp-json\/wp\/v2\/product"}],"about":[{"href":"https:\/\/ursus.ee\/en\/wp-json\/wp\/v2\/types\/product"}],"replies":[{"embeddable":true,"href":"https:\/\/ursus.ee\/en\/wp-json\/wp\/v2\/comments?post=11929"}],"wp:featuredmedia":[{"embeddable":true,"href":"https:\/\/ursus.ee\/en\/wp-json\/wp\/v2\/media\/14023"}],"wp:attachment":[{"href":"https:\/\/ursus.ee\/en\/wp-json\/wp\/v2\/media?parent=11929"}],"wp:term":[{"taxonomy":"product_brand","embeddable":true,"href":"https:\/\/ursus.ee\/en\/wp-json\/wp\/v2\/product_brand?post=11929"},{"taxonomy":"product_cat","embeddable":true,"href":"https:\/\/ursus.ee\/en\/wp-json\/wp\/v2\/product_cat?post=11929"},{"taxonomy":"product_tag","embeddable":true,"href":"https:\/\/ursus.ee\/en\/wp-json\/wp\/v2\/product_tag?post=11929"}],"curies":[{"name":"wp","href":"https:\/\/api.w.org\/{rel}","templated":true}]}}