{"id":11917,"date":"2025-12-16T17:59:45","date_gmt":"2025-12-16T15:59:45","guid":{"rendered":"https:\/\/ursus.ee\/toode\/mooblipuhastusvahend-classic-mesilasvaha-2\/"},"modified":"2026-03-27T15:36:08","modified_gmt":"2026-03-27T13:36:08","slug":"mooblipuhastusvahend-classic-mesilasvaha-2","status":"publish","type":"product","link":"https:\/\/ursus.ee\/en\/toode\/mooblipuhastusvahend-classic-mesilasvaha-2\/","title":{"rendered":"M\u00f6\u00f6blipuhastusvahend Classic Mesilasvaha"},"content":{"rendered":"<p>Erinevate pindade puhastamiseks. T\u00e4nu uuele moodsale koostisele v\u00f5ib puhastada tv-, hifi-, videoseadmeid, auto armatuure, metalli, m\u00f6\u00f6blit, klaasi ja s\u00fcnteetilisi pindasid. Eemaldab pindadelt mustuse ja tolmu. Kaitseb veeplekkide, kriimustuste ja plekkide tekke eest. J\u00e4tab pinnale loomuliku l\u00e4ike ning v\u00e4rske l\u00f5hna. Sisaldab mesilasvaha.<\/p>\n","protected":false},"excerpt":{"rendered":"<p>Erinevate pindade puhastamiseks. T\u00e4nu uuele moodsale koostisele v\u00f5ib puhastada tv-, hifi-, videoseadmeid, auto armatuure, metalli, m\u00f6\u00f6blit, klaasi ja s\u00fcnteetilisi pindasid. Eemaldab pindadelt mustuse ja tolmu. Kaitseb veeplekkide, kriimustuste ja plekkide tekke eest. J\u00e4tab pinnale loomuliku l\u00e4ike ning v\u00e4rske l\u00f5hna. Sisaldab mesilasvaha.<\/p>\n","protected":false},"featured_media":13995,"comment_status":"closed","ping_status":"closed","template":"","meta":{"_acf_changed":false},"product_brand":[359],"product_cat":[116,111],"product_tag":[],"class_list":{"0":"post-11917","1":"product","2":"type-product","3":"status-publish","4":"has-post-thumbnail","6":"product_brand-brait","7":"product_cat-puhastusvahendid","8":"product_cat-kodukeemia","9":"pa_kogus-300-ml","10":"pa_koostis-butane-propane-butane-propan-2-ol-2-methyl-2h-isothiazol-3-one","11":"pa_paritolumaa-poola","12":"pa_uhik-ml","14":"first","15":"instock","16":"purchasable","17":"product-type-simple"},"acf":[],"_links":{"self":[{"href":"https:\/\/ursus.ee\/en\/wp-json\/wp\/v2\/product\/11917","targetHints":{"allow":["GET"]}}],"collection":[{"href":"https:\/\/ursus.ee\/en\/wp-json\/wp\/v2\/product"}],"about":[{"href":"https:\/\/ursus.ee\/en\/wp-json\/wp\/v2\/types\/product"}],"replies":[{"embeddable":true,"href":"https:\/\/ursus.ee\/en\/wp-json\/wp\/v2\/comments?post=11917"}],"wp:featuredmedia":[{"embeddable":true,"href":"https:\/\/ursus.ee\/en\/wp-json\/wp\/v2\/media\/13995"}],"wp:attachment":[{"href":"https:\/\/ursus.ee\/en\/wp-json\/wp\/v2\/media?parent=11917"}],"wp:term":[{"taxonomy":"product_brand","embeddable":true,"href":"https:\/\/ursus.ee\/en\/wp-json\/wp\/v2\/product_brand?post=11917"},{"taxonomy":"product_cat","embeddable":true,"href":"https:\/\/ursus.ee\/en\/wp-json\/wp\/v2\/product_cat?post=11917"},{"taxonomy":"product_tag","embeddable":true,"href":"https:\/\/ursus.ee\/en\/wp-json\/wp\/v2\/product_tag?post=11917"}],"curies":[{"name":"wp","href":"https:\/\/api.w.org\/{rel}","templated":true}]}}