{"id":11916,"date":"2025-12-16T17:59:45","date_gmt":"2025-12-16T15:59:45","guid":{"rendered":"https:\/\/ursus.ee\/toode\/kinkekarp-zen-touch-dusigeel-250-ml-kehakreem-200-ml-2\/"},"modified":"2026-03-27T16:22:43","modified_gmt":"2026-03-27T14:22:43","slug":"kinkekarp-zen-touch-dusigeel-250-ml-kehakreem-200-ml-2","status":"publish","type":"product","link":"https:\/\/ursus.ee\/en\/toode\/kinkekarp-zen-touch-dusigeel-250-ml-kehakreem-200-ml-2\/","title":{"rendered":"Kinkekarp Zen Touch (du\u0161igeel 250 ml + kehakreem 200 ml)"},"content":{"rendered":"<p>Taimse l\u00f5hnaga kehakoorija ja du\u0161igeel s\u00fcgavaks l\u00f5\u00f5gastumiseks. Inspireeritud heaolu ja t\u00e4helepanelikkuse filosoofiast.<\/p>\n","protected":false},"excerpt":{"rendered":"<p>Taimse l\u00f5hnaga kehakoorija ja du\u0161igeel s\u00fcgavaks l\u00f5\u00f5gastumiseks. Inspireeritud heaolu ja t\u00e4helepanelikkuse filosoofiast.<\/p>\n","protected":false},"featured_media":13992,"comment_status":"closed","ping_status":"closed","template":"","meta":{"_acf_changed":false},"product_brand":[363],"product_cat":[244,509],"product_tag":[],"class_list":{"0":"post-11916","1":"product","2":"type-product","3":"status-publish","4":"has-post-thumbnail","6":"product_brand-jean-marc","7":"product_cat-kehahooldus","8":"product_cat-parfuumid-ja-deodorandid","9":"pa_kogus-1-kompl","10":"pa_paritolumaa-poola","11":"pa_uhik-kompl","13":"first","14":"instock","15":"purchasable","16":"product-type-simple"},"acf":[],"_links":{"self":[{"href":"https:\/\/ursus.ee\/en\/wp-json\/wp\/v2\/product\/11916","targetHints":{"allow":["GET"]}}],"collection":[{"href":"https:\/\/ursus.ee\/en\/wp-json\/wp\/v2\/product"}],"about":[{"href":"https:\/\/ursus.ee\/en\/wp-json\/wp\/v2\/types\/product"}],"replies":[{"embeddable":true,"href":"https:\/\/ursus.ee\/en\/wp-json\/wp\/v2\/comments?post=11916"}],"wp:featuredmedia":[{"embeddable":true,"href":"https:\/\/ursus.ee\/en\/wp-json\/wp\/v2\/media\/13992"}],"wp:attachment":[{"href":"https:\/\/ursus.ee\/en\/wp-json\/wp\/v2\/media?parent=11916"}],"wp:term":[{"taxonomy":"product_brand","embeddable":true,"href":"https:\/\/ursus.ee\/en\/wp-json\/wp\/v2\/product_brand?post=11916"},{"taxonomy":"product_cat","embeddable":true,"href":"https:\/\/ursus.ee\/en\/wp-json\/wp\/v2\/product_cat?post=11916"},{"taxonomy":"product_tag","embeddable":true,"href":"https:\/\/ursus.ee\/en\/wp-json\/wp\/v2\/product_tag?post=11916"}],"curies":[{"name":"wp","href":"https:\/\/api.w.org\/{rel}","templated":true}]}}