{"id":11910,"date":"2025-12-16T17:58:03","date_gmt":"2025-12-16T15:58:03","guid":{"rendered":"https:\/\/ursus.ee\/toode\/kehasprei-sea-sparkle-2\/"},"modified":"2026-03-27T16:22:41","modified_gmt":"2026-03-27T14:22:41","slug":"kehasprei-sea-sparkle-2","status":"publish","type":"product","link":"https:\/\/ursus.ee\/en\/toode\/kehasprei-sea-sparkle-2\/","title":{"rendered":"Kehasprei Sea Sparkle"},"content":{"rendered":"<p>Sea Sparkle kehasprei (250ml) on loodud pakkuma kerget, ent p\u00fcsivat v\u00e4rskendust, mis j\u00e4tab nahale meeldiva ja energilise tunde. See on ideaalne neile, kes armastavad v\u00e4rskeid, mereh\u00f5ngulisi aroome ja otsivad oma igap\u00e4evaellu veidi s\u00e4rtsu. Pihustage seda nahale p\u00e4rast du\u0161\u0161i, enne v\u00e4ljaminekut v\u00f5i lihtsalt selleks, et anda oma p\u00e4evale s\u00e4rtsakas ja meeldej\u00e4\u00e4v puudutus. Elegantne ja praktiline, sobib nii igap\u00e4evaseks kasutamiseks kui ka kingituseks.<\/p>\n","protected":false},"excerpt":{"rendered":"<p>Sea Sparkle kehasprei (250ml) on loodud pakkuma kerget, ent p\u00fcsivat v\u00e4rskendust, mis j\u00e4tab nahale meeldiva ja energilise tunde. See on ideaalne neile, kes armastavad v\u00e4rskeid, mereh\u00f5ngulisi aroome ja otsivad oma igap\u00e4evaellu veidi s\u00e4rtsu. Pihustage seda nahale p\u00e4rast du\u0161\u0161i, enne v\u00e4ljaminekut v\u00f5i lihtsalt selleks, et anda oma p\u00e4evale s\u00e4rtsakas ja meeldej\u00e4\u00e4v puudutus. Elegantne ja praktiline, sobib<\/p>\n","protected":false},"featured_media":14073,"comment_status":"closed","ping_status":"closed","template":"","meta":{"_acf_changed":false},"product_brand":[363],"product_cat":[244,509],"product_tag":[],"class_list":{"0":"post-11910","1":"product","2":"type-product","3":"status-publish","4":"has-post-thumbnail","6":"product_brand-jean-marc","7":"product_cat-kehahooldus","8":"product_cat-parfuumid-ja-deodorandid","9":"pa_kogus-250-ml","10":"pa_paritolumaa-poola","11":"pa_uhik-ml","13":"first","14":"instock","15":"purchasable","16":"product-type-simple"},"acf":[],"_links":{"self":[{"href":"https:\/\/ursus.ee\/en\/wp-json\/wp\/v2\/product\/11910","targetHints":{"allow":["GET"]}}],"collection":[{"href":"https:\/\/ursus.ee\/en\/wp-json\/wp\/v2\/product"}],"about":[{"href":"https:\/\/ursus.ee\/en\/wp-json\/wp\/v2\/types\/product"}],"replies":[{"embeddable":true,"href":"https:\/\/ursus.ee\/en\/wp-json\/wp\/v2\/comments?post=11910"}],"wp:featuredmedia":[{"embeddable":true,"href":"https:\/\/ursus.ee\/en\/wp-json\/wp\/v2\/media\/14073"}],"wp:attachment":[{"href":"https:\/\/ursus.ee\/en\/wp-json\/wp\/v2\/media?parent=11910"}],"wp:term":[{"taxonomy":"product_brand","embeddable":true,"href":"https:\/\/ursus.ee\/en\/wp-json\/wp\/v2\/product_brand?post=11910"},{"taxonomy":"product_cat","embeddable":true,"href":"https:\/\/ursus.ee\/en\/wp-json\/wp\/v2\/product_cat?post=11910"},{"taxonomy":"product_tag","embeddable":true,"href":"https:\/\/ursus.ee\/en\/wp-json\/wp\/v2\/product_tag?post=11910"}],"curies":[{"name":"wp","href":"https:\/\/api.w.org\/{rel}","templated":true}]}}