{"id":11906,"date":"2025-12-16T17:58:03","date_gmt":"2025-12-16T15:58:03","guid":{"rendered":"https:\/\/ursus.ee\/toode\/juuksepalsam-taastav-kuivadele-juustele-2\/"},"modified":"2026-03-27T16:24:56","modified_gmt":"2026-03-27T14:24:56","slug":"juuksepalsam-taastav-kuivadele-juustele-2","status":"publish","type":"product","link":"https:\/\/ursus.ee\/en\/toode\/juuksepalsam-taastav-kuivadele-juustele-2\/","title":{"rendered":"Juuksepalsam Taastav kuivadele juustele"},"content":{"rendered":"<p>Palsam on loodud spetsiaalselt kuivadele ja kahjustatud juustele, mis vajavad s\u00fcgavat hooldust ja taastamist p\u00e4rast kuumt\u00f6\u00f6tlust, v\u00e4rvimist v\u00f5i muid salongiprotseduure. Rikastatud pro-vitamiin B5-ga, mis niisutab ja tugevdab juukseid seestpoolt. Sisaldab siidiproteiine, mis siluvad juuksepinda ja taastavad elastsuse Muudab juuksed pehmeks, kergesti kammitavaks ja s\u00e4ravaks.<\/p>\n","protected":false},"excerpt":{"rendered":"<p>Palsam on loodud spetsiaalselt kuivadele ja kahjustatud juustele, mis vajavad s\u00fcgavat hooldust ja taastamist p\u00e4rast kuumt\u00f6\u00f6tlust, v\u00e4rvimist v\u00f5i muid salongiprotseduure. Rikastatud pro-vitamiin B5-ga, mis niisutab ja tugevdab juukseid seestpoolt. Sisaldab siidiproteiine, mis siluvad juuksepinda ja taastavad elastsuse Muudab juuksed pehmeks, kergesti kammitavaks ja s\u00e4ravaks.<\/p>\n","protected":false},"featured_media":14062,"comment_status":"closed","ping_status":"closed","template":"","meta":{"_acf_changed":false},"product_brand":[383],"product_cat":[244,307],"product_tag":[],"class_list":{"0":"post-11906","1":"product","2":"type-product","3":"status-publish","4":"has-post-thumbnail","6":"product_brand-look-expert","7":"product_cat-kehahooldus","8":"product_cat-juuksehooldus","9":"pa_kogus-400-ml","10":"pa_paritolumaa-poola","11":"pa_uhik-ml","13":"first","14":"instock","15":"purchasable","16":"product-type-simple"},"acf":[],"_links":{"self":[{"href":"https:\/\/ursus.ee\/en\/wp-json\/wp\/v2\/product\/11906","targetHints":{"allow":["GET"]}}],"collection":[{"href":"https:\/\/ursus.ee\/en\/wp-json\/wp\/v2\/product"}],"about":[{"href":"https:\/\/ursus.ee\/en\/wp-json\/wp\/v2\/types\/product"}],"replies":[{"embeddable":true,"href":"https:\/\/ursus.ee\/en\/wp-json\/wp\/v2\/comments?post=11906"}],"wp:featuredmedia":[{"embeddable":true,"href":"https:\/\/ursus.ee\/en\/wp-json\/wp\/v2\/media\/14062"}],"wp:attachment":[{"href":"https:\/\/ursus.ee\/en\/wp-json\/wp\/v2\/media?parent=11906"}],"wp:term":[{"taxonomy":"product_brand","embeddable":true,"href":"https:\/\/ursus.ee\/en\/wp-json\/wp\/v2\/product_brand?post=11906"},{"taxonomy":"product_cat","embeddable":true,"href":"https:\/\/ursus.ee\/en\/wp-json\/wp\/v2\/product_cat?post=11906"},{"taxonomy":"product_tag","embeddable":true,"href":"https:\/\/ursus.ee\/en\/wp-json\/wp\/v2\/product_tag?post=11906"}],"curies":[{"name":"wp","href":"https:\/\/api.w.org\/{rel}","templated":true}]}}