{"id":11905,"date":"2025-12-16T17:58:03","date_gmt":"2025-12-16T15:58:03","guid":{"rendered":"https:\/\/ursus.ee\/toode\/juukselakk-professional-style-b5-2\/"},"modified":"2026-03-27T16:24:57","modified_gmt":"2026-03-27T14:24:57","slug":"juukselakk-professional-style-b5-2","status":"publish","type":"product","link":"https:\/\/ursus.ee\/en\/toode\/juukselakk-professional-style-b5-2\/","title":{"rendered":"Juukselakk Professional Style B5"},"content":{"rendered":"<p>Sisaldab Pro- Vitamiini B5 ja UV-kaitset. Aitab s\u00e4ilitada soengut veatuna terve p\u00e4eva. Sobib k\u00f5ikidele juukset\u00fc\u00fcpidele.<\/p>\n","protected":false},"excerpt":{"rendered":"<p>Sisaldab Pro- Vitamiini B5 ja UV-kaitset. Aitab s\u00e4ilitada soengut veatuna terve p\u00e4eva. Sobib k\u00f5ikidele juukset\u00fc\u00fcpidele.<\/p>\n","protected":false},"featured_media":14060,"comment_status":"closed","ping_status":"closed","template":"","meta":{"_acf_changed":false},"product_brand":[379],"product_cat":[244,307],"product_tag":[],"class_list":{"0":"post-11905","1":"product","2":"type-product","3":"status-publish","4":"has-post-thumbnail","6":"product_brand-professional-style","7":"product_cat-kehahooldus","8":"product_cat-juuksehooldus","9":"pa_kogus-75-ml","10":"pa_koostis-alcohol-denat-butanepropaneacrylates-copolymerisopropyl-alcoholisobutaneaminomethyl-propanolaquaparfumisopropyl-myristatepeg-ppg-18-18-dimethiconepanthenolpropylene-glycolhydrolyzed-kera","11":"pa_paritolumaa-poola","12":"pa_uhik-ml","14":"first","15":"instock","16":"purchasable","17":"product-type-simple"},"acf":[],"_links":{"self":[{"href":"https:\/\/ursus.ee\/en\/wp-json\/wp\/v2\/product\/11905","targetHints":{"allow":["GET"]}}],"collection":[{"href":"https:\/\/ursus.ee\/en\/wp-json\/wp\/v2\/product"}],"about":[{"href":"https:\/\/ursus.ee\/en\/wp-json\/wp\/v2\/types\/product"}],"replies":[{"embeddable":true,"href":"https:\/\/ursus.ee\/en\/wp-json\/wp\/v2\/comments?post=11905"}],"wp:featuredmedia":[{"embeddable":true,"href":"https:\/\/ursus.ee\/en\/wp-json\/wp\/v2\/media\/14060"}],"wp:attachment":[{"href":"https:\/\/ursus.ee\/en\/wp-json\/wp\/v2\/media?parent=11905"}],"wp:term":[{"taxonomy":"product_brand","embeddable":true,"href":"https:\/\/ursus.ee\/en\/wp-json\/wp\/v2\/product_brand?post=11905"},{"taxonomy":"product_cat","embeddable":true,"href":"https:\/\/ursus.ee\/en\/wp-json\/wp\/v2\/product_cat?post=11905"},{"taxonomy":"product_tag","embeddable":true,"href":"https:\/\/ursus.ee\/en\/wp-json\/wp\/v2\/product_tag?post=11905"}],"curies":[{"name":"wp","href":"https:\/\/api.w.org\/{rel}","templated":true}]}}