{"id":11903,"date":"2025-12-16T17:58:03","date_gmt":"2025-12-16T15:58:03","guid":{"rendered":"https:\/\/ursus.ee\/toode\/juukselakk-4-seasons-extra-hold-b5-2\/"},"modified":"2026-03-27T16:24:57","modified_gmt":"2026-03-27T14:24:57","slug":"juukselakk-4-seasons-extra-hold-b5-2","status":"publish","type":"product","link":"https:\/\/ursus.ee\/en\/toode\/juukselakk-4-seasons-extra-hold-b5-2\/","title":{"rendered":"Juukselakk 4 Seasons Extra Hold B5"},"content":{"rendered":"<p>Sisaldab Pro- Vitamiini B5 ja UV-kaitset. Aitab s\u00e4ilitada soengut veatuna terve p\u00e4eva. Sobib k\u00f5ikidele juukset\u00fc\u00fcpidele.<\/p>\n","protected":false},"excerpt":{"rendered":"<p>Sisaldab Pro- Vitamiini B5 ja UV-kaitset. Aitab s\u00e4ilitada soengut veatuna terve p\u00e4eva. Sobib k\u00f5ikidele juukset\u00fc\u00fcpidele.<\/p>\n","protected":false},"featured_media":14056,"comment_status":"closed","ping_status":"closed","template":"","meta":{"_acf_changed":false},"product_brand":[381],"product_cat":[244,307],"product_tag":[],"class_list":{"0":"post-11903","1":"product","2":"type-product","3":"status-publish","4":"has-post-thumbnail","6":"product_brand-4-seasons","7":"product_cat-kehahooldus","8":"product_cat-juuksehooldus","9":"pa_kogus-265-ml","10":"pa_paritolumaa-poola","11":"pa_uhik-ml","13":"first","14":"instock","15":"purchasable","16":"product-type-simple"},"acf":[],"_links":{"self":[{"href":"https:\/\/ursus.ee\/en\/wp-json\/wp\/v2\/product\/11903","targetHints":{"allow":["GET"]}}],"collection":[{"href":"https:\/\/ursus.ee\/en\/wp-json\/wp\/v2\/product"}],"about":[{"href":"https:\/\/ursus.ee\/en\/wp-json\/wp\/v2\/types\/product"}],"replies":[{"embeddable":true,"href":"https:\/\/ursus.ee\/en\/wp-json\/wp\/v2\/comments?post=11903"}],"wp:featuredmedia":[{"embeddable":true,"href":"https:\/\/ursus.ee\/en\/wp-json\/wp\/v2\/media\/14056"}],"wp:attachment":[{"href":"https:\/\/ursus.ee\/en\/wp-json\/wp\/v2\/media?parent=11903"}],"wp:term":[{"taxonomy":"product_brand","embeddable":true,"href":"https:\/\/ursus.ee\/en\/wp-json\/wp\/v2\/product_brand?post=11903"},{"taxonomy":"product_cat","embeddable":true,"href":"https:\/\/ursus.ee\/en\/wp-json\/wp\/v2\/product_cat?post=11903"},{"taxonomy":"product_tag","embeddable":true,"href":"https:\/\/ursus.ee\/en\/wp-json\/wp\/v2\/product_tag?post=11903"}],"curies":[{"name":"wp","href":"https:\/\/api.w.org\/{rel}","templated":true}]}}