{"id":11897,"date":"2025-12-16T17:58:03","date_gmt":"2025-12-16T15:58:03","guid":{"rendered":"https:\/\/ursus.ee\/toode\/habemevesi-meestele-bossa-nova-2\/"},"modified":"2026-03-27T16:22:42","modified_gmt":"2026-03-27T14:22:42","slug":"habemevesi-meestele-bossa-nova-2","status":"publish","type":"product","link":"https:\/\/ursus.ee\/en\/toode\/habemevesi-meestele-bossa-nova-2\/","title":{"rendered":"Habemevesi meestele Bossa Nova"},"content":{"rendered":"<p>Meeldivalt v\u00e4rske l\u00f5hnaga habemevesi raseerimisj\u00e4rgseks hoolduseks.<\/p>\n","protected":false},"excerpt":{"rendered":"<p>Meeldivalt v\u00e4rske l\u00f5hnaga habemevesi raseerimisj\u00e4rgseks hoolduseks.<\/p>\n","protected":false},"featured_media":14042,"comment_status":"closed","ping_status":"closed","template":"","meta":{"_acf_changed":false},"product_brand":[363],"product_cat":[244,509],"product_tag":[],"class_list":{"0":"post-11897","1":"product","2":"type-product","3":"status-publish","4":"has-post-thumbnail","6":"product_brand-jean-marc","7":"product_cat-kehahooldus","8":"product_cat-parfuumid-ja-deodorandid","9":"pa_kogus-100-ml","10":"pa_paritolumaa-poola","11":"pa_uhik-ml","13":"first","14":"instock","15":"purchasable","16":"product-type-simple"},"acf":[],"_links":{"self":[{"href":"https:\/\/ursus.ee\/en\/wp-json\/wp\/v2\/product\/11897","targetHints":{"allow":["GET"]}}],"collection":[{"href":"https:\/\/ursus.ee\/en\/wp-json\/wp\/v2\/product"}],"about":[{"href":"https:\/\/ursus.ee\/en\/wp-json\/wp\/v2\/types\/product"}],"replies":[{"embeddable":true,"href":"https:\/\/ursus.ee\/en\/wp-json\/wp\/v2\/comments?post=11897"}],"wp:featuredmedia":[{"embeddable":true,"href":"https:\/\/ursus.ee\/en\/wp-json\/wp\/v2\/media\/14042"}],"wp:attachment":[{"href":"https:\/\/ursus.ee\/en\/wp-json\/wp\/v2\/media?parent=11897"}],"wp:term":[{"taxonomy":"product_brand","embeddable":true,"href":"https:\/\/ursus.ee\/en\/wp-json\/wp\/v2\/product_brand?post=11897"},{"taxonomy":"product_cat","embeddable":true,"href":"https:\/\/ursus.ee\/en\/wp-json\/wp\/v2\/product_cat?post=11897"},{"taxonomy":"product_tag","embeddable":true,"href":"https:\/\/ursus.ee\/en\/wp-json\/wp\/v2\/product_tag?post=11897"}],"curies":[{"name":"wp","href":"https:\/\/api.w.org\/{rel}","templated":true}]}}