{"id":11878,"date":"2025-12-16T17:56:20","date_gmt":"2025-12-16T15:56:20","guid":{"rendered":"https:\/\/ursus.ee\/toode\/parfuumvesi-naistele-call-me-miss-2\/"},"modified":"2026-03-27T16:22:42","modified_gmt":"2026-03-27T14:22:42","slug":"parfuumvesi-naistele-call-me-miss-2","status":"publish","type":"product","link":"https:\/\/ursus.ee\/en\/toode\/parfuumvesi-naistele-call-me-miss-2\/","title":{"rendered":"Parf\u00fc\u00fcmvesi naistele Call Me Miss"},"content":{"rendered":"<p>Meeldivalt v\u00e4rske l\u00f5hnaga parf\u00fc\u00fcmvesi naistele.<\/p>\n","protected":false},"excerpt":{"rendered":"<p>Meeldivalt v\u00e4rske l\u00f5hnaga parf\u00fc\u00fcmvesi naistele.<\/p>\n","protected":false},"featured_media":14091,"comment_status":"closed","ping_status":"closed","template":"","meta":{"_acf_changed":false},"product_brand":[363],"product_cat":[244,509],"product_tag":[],"class_list":{"0":"post-11878","1":"product","2":"type-product","3":"status-publish","4":"has-post-thumbnail","6":"product_brand-jean-marc","7":"product_cat-kehahooldus","8":"product_cat-parfuumid-ja-deodorandid","9":"pa_kogus-100-ml","10":"pa_koostis-alcohol-denat-aqua-parfum-peg-40-hydrogenated-castor-oil-linalool-limonene-hexyl-cinnamal-benzyl-salicylate-citronellol-coumarin-geraniol-benzyl-benzoate-citral","11":"pa_paritolumaa-poola","12":"pa_uhik-ml","14":"first","15":"instock","16":"purchasable","17":"product-type-simple"},"acf":[],"_links":{"self":[{"href":"https:\/\/ursus.ee\/en\/wp-json\/wp\/v2\/product\/11878","targetHints":{"allow":["GET"]}}],"collection":[{"href":"https:\/\/ursus.ee\/en\/wp-json\/wp\/v2\/product"}],"about":[{"href":"https:\/\/ursus.ee\/en\/wp-json\/wp\/v2\/types\/product"}],"replies":[{"embeddable":true,"href":"https:\/\/ursus.ee\/en\/wp-json\/wp\/v2\/comments?post=11878"}],"wp:featuredmedia":[{"embeddable":true,"href":"https:\/\/ursus.ee\/en\/wp-json\/wp\/v2\/media\/14091"}],"wp:attachment":[{"href":"https:\/\/ursus.ee\/en\/wp-json\/wp\/v2\/media?parent=11878"}],"wp:term":[{"taxonomy":"product_brand","embeddable":true,"href":"https:\/\/ursus.ee\/en\/wp-json\/wp\/v2\/product_brand?post=11878"},{"taxonomy":"product_cat","embeddable":true,"href":"https:\/\/ursus.ee\/en\/wp-json\/wp\/v2\/product_cat?post=11878"},{"taxonomy":"product_tag","embeddable":true,"href":"https:\/\/ursus.ee\/en\/wp-json\/wp\/v2\/product_tag?post=11878"}],"curies":[{"name":"wp","href":"https:\/\/api.w.org\/{rel}","templated":true}]}}