{"id":11876,"date":"2025-12-16T17:56:20","date_gmt":"2025-12-16T15:56:20","guid":{"rendered":"https:\/\/ursus.ee\/toode\/dusivaht-strawberry-cloud-2\/"},"modified":"2026-03-27T16:25:28","modified_gmt":"2026-03-27T14:25:28","slug":"dusivaht-strawberry-cloud-2","status":"publish","type":"product","link":"https:\/\/ursus.ee\/en\/toode\/dusivaht-strawberry-cloud-2\/","title":{"rendered":"Du\u0161ivaht Strawberry Cloud"},"content":{"rendered":"<p>Magusalt l\u00f5hnav maasika du\u0161ivaht argaania\u00f5li ja pantenooliga. Niisutab ja hooldab nahka, j\u00e4ttes selle pehmeks ja siidiselt siledaks.<\/p>\n","protected":false},"excerpt":{"rendered":"<p>Magusalt l\u00f5hnav maasika du\u0161ivaht argaania\u00f5li ja pantenooliga. Niisutab ja hooldab nahka, j\u00e4ttes selle pehmeks ja siidiselt siledaks.<\/p>\n","protected":false},"featured_media":14356,"comment_status":"closed","ping_status":"closed","template":"","meta":{"_acf_changed":false},"product_brand":[365],"product_cat":[244,369],"product_tag":[],"class_list":{"0":"post-11876","1":"product","2":"type-product","3":"status-publish","4":"has-post-thumbnail","6":"product_brand-sweet-candy","7":"product_cat-kehahooldus","8":"product_cat-dusigeelid-seebid-vannivahud","9":"pa_kogus-250-ml","10":"pa_paritolumaa-poola","11":"pa_uhik-ml","13":"first","14":"instock","15":"purchasable","16":"product-type-simple"},"acf":[],"_links":{"self":[{"href":"https:\/\/ursus.ee\/en\/wp-json\/wp\/v2\/product\/11876","targetHints":{"allow":["GET"]}}],"collection":[{"href":"https:\/\/ursus.ee\/en\/wp-json\/wp\/v2\/product"}],"about":[{"href":"https:\/\/ursus.ee\/en\/wp-json\/wp\/v2\/types\/product"}],"replies":[{"embeddable":true,"href":"https:\/\/ursus.ee\/en\/wp-json\/wp\/v2\/comments?post=11876"}],"wp:featuredmedia":[{"embeddable":true,"href":"https:\/\/ursus.ee\/en\/wp-json\/wp\/v2\/media\/14356"}],"wp:attachment":[{"href":"https:\/\/ursus.ee\/en\/wp-json\/wp\/v2\/media?parent=11876"}],"wp:term":[{"taxonomy":"product_brand","embeddable":true,"href":"https:\/\/ursus.ee\/en\/wp-json\/wp\/v2\/product_brand?post=11876"},{"taxonomy":"product_cat","embeddable":true,"href":"https:\/\/ursus.ee\/en\/wp-json\/wp\/v2\/product_cat?post=11876"},{"taxonomy":"product_tag","embeddable":true,"href":"https:\/\/ursus.ee\/en\/wp-json\/wp\/v2\/product_tag?post=11876"}],"curies":[{"name":"wp","href":"https:\/\/api.w.org\/{rel}","templated":true}]}}