{"id":11864,"date":"2025-12-16T17:54:49","date_gmt":"2025-12-16T15:54:49","guid":{"rendered":"https:\/\/ursus.ee\/toode\/deodorant-naistele-vittoriana-2\/"},"modified":"2026-03-27T16:22:42","modified_gmt":"2026-03-27T14:22:42","slug":"deodorant-naistele-vittoriana-2","status":"publish","type":"product","link":"https:\/\/ursus.ee\/en\/toode\/deodorant-naistele-vittoriana-2\/","title":{"rendered":"Deodorant naistele Vittoriana"},"content":{"rendered":"<p>Jumalik, enesekindel, unustamatu \u2013 see on naine, kes valib Vittoriana. See erakordne kehasprei \u00fchendab kontraste: v\u00e4rskust ja soojust, magusust ja tugevust, peenust ja sihikindlust. Juba esimestest nootidest alates kantakse teid sensuaalse elegantsi maailma \u2013 meretuul p\u00f5imub erksate tsitruseliste vahel, kutsudes esile puhtuse ja kerguse tunde. Selle keskmes \u00f5itsevad jasmiin ja vesiroos \u2013 \u00f5rn, kuid samas vastupandamatult magnetiline. Merevaigu- ja ka\u0161miirpuidust alus j\u00e4tab nahale sooja \u00fcmbritseva j\u00e4lje. Vittoriana on triumfi l\u00f5hn \u2013 naistele, kes teavad, et j\u00f5ud v\u00f5ib olla ilus ja pehmus \u2013 t\u00f5eliselt peatamatu. See on teie salarelv, iga p\u00e4ev.<\/p>\n","protected":false},"excerpt":{"rendered":"<p>Jumalik, enesekindel, unustamatu \u2013 see on naine, kes valib Vittoriana. See erakordne kehasprei \u00fchendab kontraste: v\u00e4rskust ja soojust, magusust ja tugevust, peenust ja sihikindlust. Juba esimestest nootidest alates kantakse teid sensuaalse elegantsi maailma \u2013 meretuul p\u00f5imub erksate tsitruseliste vahel, kutsudes esile puhtuse ja kerguse tunde. Selle keskmes \u00f5itsevad jasmiin ja vesiroos \u2013 \u00f5rn, kuid samas<\/p>\n","protected":false},"featured_media":14136,"comment_status":"closed","ping_status":"closed","template":"","meta":{"_acf_changed":false},"product_brand":[363],"product_cat":[244,509],"product_tag":[],"class_list":{"0":"post-11864","1":"product","2":"type-product","3":"status-publish","4":"has-post-thumbnail","6":"product_brand-jean-marc","7":"product_cat-kehahooldus","8":"product_cat-parfuumid-ja-deodorandid","9":"pa_kogus-150-ml","10":"pa_paritolumaa-poola","11":"pa_uhik-ml","13":"first","14":"instock","15":"purchasable","16":"product-type-simple"},"acf":[],"_links":{"self":[{"href":"https:\/\/ursus.ee\/en\/wp-json\/wp\/v2\/product\/11864","targetHints":{"allow":["GET"]}}],"collection":[{"href":"https:\/\/ursus.ee\/en\/wp-json\/wp\/v2\/product"}],"about":[{"href":"https:\/\/ursus.ee\/en\/wp-json\/wp\/v2\/types\/product"}],"replies":[{"embeddable":true,"href":"https:\/\/ursus.ee\/en\/wp-json\/wp\/v2\/comments?post=11864"}],"wp:featuredmedia":[{"embeddable":true,"href":"https:\/\/ursus.ee\/en\/wp-json\/wp\/v2\/media\/14136"}],"wp:attachment":[{"href":"https:\/\/ursus.ee\/en\/wp-json\/wp\/v2\/media?parent=11864"}],"wp:term":[{"taxonomy":"product_brand","embeddable":true,"href":"https:\/\/ursus.ee\/en\/wp-json\/wp\/v2\/product_brand?post=11864"},{"taxonomy":"product_cat","embeddable":true,"href":"https:\/\/ursus.ee\/en\/wp-json\/wp\/v2\/product_cat?post=11864"},{"taxonomy":"product_tag","embeddable":true,"href":"https:\/\/ursus.ee\/en\/wp-json\/wp\/v2\/product_tag?post=11864"}],"curies":[{"name":"wp","href":"https:\/\/api.w.org\/{rel}","templated":true}]}}