{"id":11863,"date":"2025-12-16T17:54:49","date_gmt":"2025-12-16T15:54:49","guid":{"rendered":"https:\/\/ursus.ee\/toode\/deodorant-naistele-rebel-chic-2\/"},"modified":"2026-03-27T16:22:42","modified_gmt":"2026-03-27T14:22:42","slug":"deodorant-naistele-rebel-chic-2","status":"publish","type":"product","link":"https:\/\/ursus.ee\/en\/toode\/deodorant-naistele-rebel-chic-2\/","title":{"rendered":"Deodorant naistele Rebel Chic"},"content":{"rendered":"<p>V\u00f5rgutav, julge ja vabandamatult \u00e4ge. Rebel Chic on l\u00f5hn, mis on loodud naisele, kes ei karda n\u00e4idata enda k\u00f5iki k\u00fclgi \u2013 \u00f5rn, kuid tugev, elegantne, kuid m\u00e4ssumeelne. See on kontrasti olemus, mis on villitud sensuaalsesse kehaspreis. Juba esimesest pihustusest \u00f5itsevad valged lilled \u2013 jasmiin ja tuberoos \u2013, kiirgades naiselikku v\u00e4rskust ja v\u00f5lu. S\u00fcda paljastab mandli ja kakao soojad, s\u00fcgavad akordid, mis pulseerivad salap\u00e4rase servaga. P\u00f5hjas toovad puidused noodid ja vanilje elegantsi ja pikaealisust, j\u00e4ttes rafineeritud ja unustamatu j\u00e4lje. Rebel Chic on m\u00f5eldud naistele, kes rikuvad reegleid ja omavad igat ruumi, kuhu nad sisenevad. Neile, kes teavad, et j\u00f5ud peitub naiselikkuses \u2013 ja naiselikkus on omamoodi j\u00f5ud.<\/p>\n","protected":false},"excerpt":{"rendered":"<p>V\u00f5rgutav, julge ja vabandamatult \u00e4ge. Rebel Chic on l\u00f5hn, mis on loodud naisele, kes ei karda n\u00e4idata enda k\u00f5iki k\u00fclgi \u2013 \u00f5rn, kuid tugev, elegantne, kuid m\u00e4ssumeelne. See on kontrasti olemus, mis on villitud sensuaalsesse kehaspreis. Juba esimesest pihustusest \u00f5itsevad valged lilled \u2013 jasmiin ja tuberoos \u2013, kiirgades naiselikku v\u00e4rskust ja v\u00f5lu. S\u00fcda paljastab mandli<\/p>\n","protected":false},"featured_media":14133,"comment_status":"closed","ping_status":"closed","template":"","meta":{"_acf_changed":false},"product_brand":[363],"product_cat":[244,509],"product_tag":[],"class_list":{"0":"post-11863","1":"product","2":"type-product","3":"status-publish","4":"has-post-thumbnail","6":"product_brand-jean-marc","7":"product_cat-kehahooldus","8":"product_cat-parfuumid-ja-deodorandid","9":"pa_kogus-150-ml","10":"pa_paritolumaa-poola","11":"pa_uhik-ml","13":"first","14":"instock","15":"purchasable","16":"product-type-simple"},"acf":[],"_links":{"self":[{"href":"https:\/\/ursus.ee\/en\/wp-json\/wp\/v2\/product\/11863","targetHints":{"allow":["GET"]}}],"collection":[{"href":"https:\/\/ursus.ee\/en\/wp-json\/wp\/v2\/product"}],"about":[{"href":"https:\/\/ursus.ee\/en\/wp-json\/wp\/v2\/types\/product"}],"replies":[{"embeddable":true,"href":"https:\/\/ursus.ee\/en\/wp-json\/wp\/v2\/comments?post=11863"}],"wp:featuredmedia":[{"embeddable":true,"href":"https:\/\/ursus.ee\/en\/wp-json\/wp\/v2\/media\/14133"}],"wp:attachment":[{"href":"https:\/\/ursus.ee\/en\/wp-json\/wp\/v2\/media?parent=11863"}],"wp:term":[{"taxonomy":"product_brand","embeddable":true,"href":"https:\/\/ursus.ee\/en\/wp-json\/wp\/v2\/product_brand?post=11863"},{"taxonomy":"product_cat","embeddable":true,"href":"https:\/\/ursus.ee\/en\/wp-json\/wp\/v2\/product_cat?post=11863"},{"taxonomy":"product_tag","embeddable":true,"href":"https:\/\/ursus.ee\/en\/wp-json\/wp\/v2\/product_tag?post=11863"}],"curies":[{"name":"wp","href":"https:\/\/api.w.org\/{rel}","templated":true}]}}