{"id":11862,"date":"2025-12-16T17:54:49","date_gmt":"2025-12-16T15:54:49","guid":{"rendered":"https:\/\/ursus.ee\/toode\/deodorant-naistele-liberta-2\/"},"modified":"2026-03-27T16:22:42","modified_gmt":"2026-03-27T14:22:42","slug":"deodorant-naistele-liberta-2","status":"publish","type":"product","link":"https:\/\/ursus.ee\/en\/toode\/deodorant-naistele-liberta-2\/","title":{"rendered":"Deodorant naistele Liberta"},"content":{"rendered":"<p>Sukelduge kaasaegse naiselikkuse olemusse \u2013 enesekindel, vaba ja ainulaadne. Liberta on kehasprei, mis kiirgab v\u00e4rskust ja karismat. See on aroom naistele, kes m\u00f5tlevad iseseisvalt, tegutsevad julgelt ja j\u00e4tavad unustamatu mulje k\u00f5ikjale, kuhu nad l\u00e4hevad. Esimesed noodid \u2013 nii kerged kui ka v\u00e4ljendusrikkad \u2013 tutvustavad lavendli aroomi, mis on p\u00f5imunud s\u00e4deleva tsitruselise keerdk\u00e4iguga. S\u00fcdames \u00f5itseb \u00fcllas apelsini\u00f5is, mis toob kompositsioonile elegantsi ja s\u00fcgavust. Sooja vanilje ja merevaigu p\u00f5hi m\u00e4hib nahka nagu siidine loor. Liberta on vabaduse l\u00f5hn \u2013 naisele, kes ei tee kunagi kompromisse. Ta alustab iga p\u00e4eva p\u00fcsti pea ja enesekindlust t\u00e4is sammudega. Sest iseendaks olemine on suurim luksus.<\/p>\n","protected":false},"excerpt":{"rendered":"<p>Sukelduge kaasaegse naiselikkuse olemusse \u2013 enesekindel, vaba ja ainulaadne. Liberta on kehasprei, mis kiirgab v\u00e4rskust ja karismat. See on aroom naistele, kes m\u00f5tlevad iseseisvalt, tegutsevad julgelt ja j\u00e4tavad unustamatu mulje k\u00f5ikjale, kuhu nad l\u00e4hevad. Esimesed noodid \u2013 nii kerged kui ka v\u00e4ljendusrikkad \u2013 tutvustavad lavendli aroomi, mis on p\u00f5imunud s\u00e4deleva tsitruselise keerdk\u00e4iguga. S\u00fcdames \u00f5itseb \u00fcllas<\/p>\n","protected":false},"featured_media":14131,"comment_status":"closed","ping_status":"closed","template":"","meta":{"_acf_changed":false},"product_brand":[363],"product_cat":[244,509],"product_tag":[],"class_list":{"0":"post-11862","1":"product","2":"type-product","3":"status-publish","4":"has-post-thumbnail","6":"product_brand-jean-marc","7":"product_cat-kehahooldus","8":"product_cat-parfuumid-ja-deodorandid","9":"pa_kogus-150-ml","10":"pa_paritolumaa-poola","11":"pa_uhik-ml","13":"first","14":"instock","15":"purchasable","16":"product-type-simple"},"acf":[],"_links":{"self":[{"href":"https:\/\/ursus.ee\/en\/wp-json\/wp\/v2\/product\/11862","targetHints":{"allow":["GET"]}}],"collection":[{"href":"https:\/\/ursus.ee\/en\/wp-json\/wp\/v2\/product"}],"about":[{"href":"https:\/\/ursus.ee\/en\/wp-json\/wp\/v2\/types\/product"}],"replies":[{"embeddable":true,"href":"https:\/\/ursus.ee\/en\/wp-json\/wp\/v2\/comments?post=11862"}],"wp:featuredmedia":[{"embeddable":true,"href":"https:\/\/ursus.ee\/en\/wp-json\/wp\/v2\/media\/14131"}],"wp:attachment":[{"href":"https:\/\/ursus.ee\/en\/wp-json\/wp\/v2\/media?parent=11862"}],"wp:term":[{"taxonomy":"product_brand","embeddable":true,"href":"https:\/\/ursus.ee\/en\/wp-json\/wp\/v2\/product_brand?post=11862"},{"taxonomy":"product_cat","embeddable":true,"href":"https:\/\/ursus.ee\/en\/wp-json\/wp\/v2\/product_cat?post=11862"},{"taxonomy":"product_tag","embeddable":true,"href":"https:\/\/ursus.ee\/en\/wp-json\/wp\/v2\/product_tag?post=11862"}],"curies":[{"name":"wp","href":"https:\/\/api.w.org\/{rel}","templated":true}]}}