{"id":11849,"date":"2025-12-16T17:53:47","date_gmt":"2025-12-16T15:53:47","guid":{"rendered":"https:\/\/ursus.ee\/toode\/dekoratiivne-ohuvarskendaja-secret-love-2\/"},"modified":"2026-03-27T15:33:12","modified_gmt":"2026-03-27T13:33:12","slug":"dekoratiivne-ohuvarskendaja-secret-love-2","status":"publish","type":"product","link":"https:\/\/ursus.ee\/en\/toode\/dekoratiivne-ohuvarskendaja-secret-love-2\/","title":{"rendered":"Dekoratiivne \u00f5huv\u00e4rskendaja Secret Love"},"content":{"rendered":"<p>Dekoratiivse v\u00e4limusega ruumil\u00f5hnasti neutraliseerib ebameeldivad l\u00f5hnad ja t\u00e4idab ruumi meeldiva aroomiga. L\u00f5hna intensiivsust on v\u00f5imalik reguleerida anumasse lisatavate pulkade arvuga. Toode sisaldab l\u00f5hnavedelikuga t\u00e4idetud anumat ja 6 k\u00f5rt. Meeldiv aroom eraldub \u00fchtlaselt. Toimib umbes 30 p\u00e4eva jooksul. Sisaldab transantenooli, tetramet\u00fc\u00fcli, bensisotiasooli, trans-\u03b2-Damaskooni, tsinnam\u00fc\u00fclalkoholi kumariini, nerolit. V\u00f5ib p\u00f5hjustada allergilisi reaktsioone. Kui tekib vajadus p\u00f6\u00f6rduda arstile, n\u00e4idake toote pakendit ja koostist.<\/p>\n","protected":false},"excerpt":{"rendered":"<p>Dekoratiivse v\u00e4limusega ruumil\u00f5hnasti neutraliseerib ebameeldivad l\u00f5hnad ja t\u00e4idab ruumi meeldiva aroomiga. L\u00f5hna intensiivsust on v\u00f5imalik reguleerida anumasse lisatavate pulkade arvuga. Toode sisaldab l\u00f5hnavedelikuga t\u00e4idetud anumat ja 6 k\u00f5rt. Meeldiv aroom eraldub \u00fchtlaselt. Toimib umbes 30 p\u00e4eva jooksul. Sisaldab transantenooli, tetramet\u00fc\u00fcli, bensisotiasooli, trans-\u03b2-Damaskooni, tsinnam\u00fc\u00fclalkoholi kumariini, nerolit. V\u00f5ib p\u00f5hjustada allergilisi reaktsioone. Kui tekib vajadus p\u00f6\u00f6rduda arstile, n\u00e4idake<\/p>\n","protected":false},"featured_media":14189,"comment_status":"closed","ping_status":"closed","template":"","meta":{"_acf_changed":false},"product_brand":[359],"product_cat":[116,360],"product_tag":[],"class_list":{"0":"post-11849","1":"product","2":"type-product","3":"status-publish","4":"has-post-thumbnail","6":"product_brand-brait","7":"product_cat-puhastusvahendid","8":"product_cat-ruumilohnastajad","9":"pa_kogus-100-ml","10":"pa_koostis-lohnaained-kumariin-tsinnamuulalkohol-eugenool-geraniol-bensisotiasool-metuulisotiasool","11":"pa_paritolumaa-poola","12":"pa_uhik-ml","14":"first","15":"instock","16":"purchasable","17":"product-type-simple"},"acf":[],"_links":{"self":[{"href":"https:\/\/ursus.ee\/en\/wp-json\/wp\/v2\/product\/11849","targetHints":{"allow":["GET"]}}],"collection":[{"href":"https:\/\/ursus.ee\/en\/wp-json\/wp\/v2\/product"}],"about":[{"href":"https:\/\/ursus.ee\/en\/wp-json\/wp\/v2\/types\/product"}],"replies":[{"embeddable":true,"href":"https:\/\/ursus.ee\/en\/wp-json\/wp\/v2\/comments?post=11849"}],"wp:featuredmedia":[{"embeddable":true,"href":"https:\/\/ursus.ee\/en\/wp-json\/wp\/v2\/media\/14189"}],"wp:attachment":[{"href":"https:\/\/ursus.ee\/en\/wp-json\/wp\/v2\/media?parent=11849"}],"wp:term":[{"taxonomy":"product_brand","embeddable":true,"href":"https:\/\/ursus.ee\/en\/wp-json\/wp\/v2\/product_brand?post=11849"},{"taxonomy":"product_cat","embeddable":true,"href":"https:\/\/ursus.ee\/en\/wp-json\/wp\/v2\/product_cat?post=11849"},{"taxonomy":"product_tag","embeddable":true,"href":"https:\/\/ursus.ee\/en\/wp-json\/wp\/v2\/product_tag?post=11849"}],"curies":[{"name":"wp","href":"https:\/\/api.w.org\/{rel}","templated":true}]}}