{"id":11841,"date":"2025-12-16T17:53:47","date_gmt":"2025-12-16T15:53:47","guid":{"rendered":"https:\/\/ursus.ee\/toode\/kinkekarp-velvet-twilight-difuusor-100-ml-ruumilohnasti-325-ml-2\/"},"modified":"2026-03-27T15:33:12","modified_gmt":"2026-03-27T13:33:12","slug":"kinkekarp-velvet-twilight-difuusor-100-ml-ruumilohnasti-325-ml-2","status":"publish","type":"product","link":"https:\/\/ursus.ee\/en\/toode\/kinkekarp-velvet-twilight-difuusor-100-ml-ruumilohnasti-325-ml-2\/","title":{"rendered":"Kinkekarp Velvet Twilight (difuusor 100 ml + ruumil\u00f5hnasti 325 ml)"},"content":{"rendered":"<p>See elegantne kinkekomplekt \u00fchendab endas aromaatsed pulgad ja \u00f5hulise parf\u00fc\u00fcmudu, tuues ruumi pehme, sametise ja meeldivalt lillelise aroomi. \u201cVelvet Twilight\u201d loob \u00f5dusa ning harmoonilise atmosf\u00e4\u00e4ri, mis sobib nii magamistuppa, elutuppa kui ka kontoriuumi.<br \/>\nKomplekt sisaldab: difuusor 100 ml, ruumil\u00f5hnasti 325 ml<\/p>\n","protected":false},"excerpt":{"rendered":"<p>See elegantne kinkekomplekt \u00fchendab endas aromaatsed pulgad ja \u00f5hulise parf\u00fc\u00fcmudu, tuues ruumi pehme, sametise ja meeldivalt lillelise aroomi. \u201cVelvet Twilight\u201d loob \u00f5dusa ning harmoonilise atmosf\u00e4\u00e4ri, mis sobib nii magamistuppa, elutuppa kui ka kontoriuumi. Komplekt sisaldab: difuusor 100 ml, ruumil\u00f5hnasti 325 ml<\/p>\n","protected":false},"featured_media":14174,"comment_status":"closed","ping_status":"closed","template":"","meta":{"_acf_changed":false},"product_brand":[359],"product_cat":[116,360],"product_tag":[],"class_list":{"0":"post-11841","1":"product","2":"type-product","3":"status-publish","4":"has-post-thumbnail","6":"product_brand-brait","7":"product_cat-puhastusvahendid","8":"product_cat-ruumilohnastajad","9":"pa_kogus-1-kompl","10":"pa_paritolumaa-poola","11":"pa_uhik-kompl","13":"first","14":"instock","15":"purchasable","16":"product-type-simple"},"acf":[],"_links":{"self":[{"href":"https:\/\/ursus.ee\/en\/wp-json\/wp\/v2\/product\/11841","targetHints":{"allow":["GET"]}}],"collection":[{"href":"https:\/\/ursus.ee\/en\/wp-json\/wp\/v2\/product"}],"about":[{"href":"https:\/\/ursus.ee\/en\/wp-json\/wp\/v2\/types\/product"}],"replies":[{"embeddable":true,"href":"https:\/\/ursus.ee\/en\/wp-json\/wp\/v2\/comments?post=11841"}],"wp:featuredmedia":[{"embeddable":true,"href":"https:\/\/ursus.ee\/en\/wp-json\/wp\/v2\/media\/14174"}],"wp:attachment":[{"href":"https:\/\/ursus.ee\/en\/wp-json\/wp\/v2\/media?parent=11841"}],"wp:term":[{"taxonomy":"product_brand","embeddable":true,"href":"https:\/\/ursus.ee\/en\/wp-json\/wp\/v2\/product_brand?post=11841"},{"taxonomy":"product_cat","embeddable":true,"href":"https:\/\/ursus.ee\/en\/wp-json\/wp\/v2\/product_cat?post=11841"},{"taxonomy":"product_tag","embeddable":true,"href":"https:\/\/ursus.ee\/en\/wp-json\/wp\/v2\/product_tag?post=11841"}],"curies":[{"name":"wp","href":"https:\/\/api.w.org\/{rel}","templated":true}]}}