{"id":11839,"date":"2025-12-16T17:53:47","date_gmt":"2025-12-16T15:53:47","guid":{"rendered":"https:\/\/ursus.ee\/toode\/automaatohuvarskendi-taide-tropical-essence-2\/"},"modified":"2026-03-27T15:33:12","modified_gmt":"2026-03-27T13:33:12","slug":"automaatohuvarskendi-taide-tropical-essence-2","status":"publish","type":"product","link":"https:\/\/ursus.ee\/en\/toode\/automaatohuvarskendi-taide-tropical-essence-2\/","title":{"rendered":"Automaat\u00f5huv\u00e4rskendi t\u00e4ide Tropical Essence"},"content":{"rendered":"<p>Eemaldage kork, seadke l\u00fcliti &#8220;off&#8221;-asendisse ja paigaldage t\u00e4itepudel seadmesse. Suunake pihusti n\u00e4ost eemale. Pihustab automaatselt vastavalt valitud programmile. Mitte pihustada inimestele, loomadele, toidule, kangastele ja teistele pinadele.<\/p>\n","protected":false},"excerpt":{"rendered":"<p>Eemaldage kork, seadke l\u00fcliti &#8220;off&#8221;-asendisse ja paigaldage t\u00e4itepudel seadmesse. Suunake pihusti n\u00e4ost eemale. Pihustab automaatselt vastavalt valitud programmile. Mitte pihustada inimestele, loomadele, toidule, kangastele ja teistele pinadele.<\/p>\n","protected":false},"featured_media":14169,"comment_status":"closed","ping_status":"closed","template":"","meta":{"_acf_changed":false},"product_brand":[359],"product_cat":[116,360],"product_tag":[],"class_list":{"0":"post-11839","1":"product","2":"type-product","3":"status-publish","4":"has-post-thumbnail","6":"product_brand-brait","7":"product_cat-puhastusvahendid","8":"product_cat-ruumilohnastajad","9":"pa_kogus-250-ml","10":"pa_paritolumaa-poola","11":"pa_uhik-ml","13":"first","14":"instock","15":"purchasable","16":"product-type-simple"},"acf":[],"_links":{"self":[{"href":"https:\/\/ursus.ee\/en\/wp-json\/wp\/v2\/product\/11839","targetHints":{"allow":["GET"]}}],"collection":[{"href":"https:\/\/ursus.ee\/en\/wp-json\/wp\/v2\/product"}],"about":[{"href":"https:\/\/ursus.ee\/en\/wp-json\/wp\/v2\/types\/product"}],"replies":[{"embeddable":true,"href":"https:\/\/ursus.ee\/en\/wp-json\/wp\/v2\/comments?post=11839"}],"wp:featuredmedia":[{"embeddable":true,"href":"https:\/\/ursus.ee\/en\/wp-json\/wp\/v2\/media\/14169"}],"wp:attachment":[{"href":"https:\/\/ursus.ee\/en\/wp-json\/wp\/v2\/media?parent=11839"}],"wp:term":[{"taxonomy":"product_brand","embeddable":true,"href":"https:\/\/ursus.ee\/en\/wp-json\/wp\/v2\/product_brand?post=11839"},{"taxonomy":"product_cat","embeddable":true,"href":"https:\/\/ursus.ee\/en\/wp-json\/wp\/v2\/product_cat?post=11839"},{"taxonomy":"product_tag","embeddable":true,"href":"https:\/\/ursus.ee\/en\/wp-json\/wp\/v2\/product_tag?post=11839"}],"curies":[{"name":"wp","href":"https:\/\/api.w.org\/{rel}","templated":true}]}}