{"id":11827,"date":"2025-12-16T17:50:41","date_gmt":"2025-12-16T15:50:41","guid":{"rendered":"https:\/\/ursus.ee\/toode\/antistaatiline-puhastusvahend-multiclean-lemon-2\/"},"modified":"2026-03-27T15:33:11","modified_gmt":"2026-03-27T13:33:11","slug":"antistaatiline-puhastusvahend-multiclean-lemon-2","status":"publish","type":"product","link":"https:\/\/ursus.ee\/en\/toode\/antistaatiline-puhastusvahend-multiclean-lemon-2\/","title":{"rendered":"Antistaatiline puhastusvahend Multiclean Lemon"},"content":{"rendered":"<p>Erinevate puit-, klaas-, metallpindade puhastamiseks. Eemaldab pindadelt mustuse ja tolmu. Kaitseb veeplekkide, kriimustuste ja plekkide tekke eest. J\u00e4tab pinnale loomuliku l\u00e4ike ning v\u00e4rske l\u00f5hna.<\/p>\n","protected":false},"excerpt":{"rendered":"<p>Erinevate puit-, klaas-, metallpindade puhastamiseks. Eemaldab pindadelt mustuse ja tolmu. Kaitseb veeplekkide, kriimustuste ja plekkide tekke eest. J\u00e4tab pinnale loomuliku l\u00e4ike ning v\u00e4rske l\u00f5hna.<\/p>\n","protected":false},"featured_media":14202,"comment_status":"closed","ping_status":"closed","template":"","meta":{"_acf_changed":false},"product_brand":[359],"product_cat":[116,111],"product_tag":[],"class_list":{"0":"post-11827","1":"product","2":"type-product","3":"status-publish","4":"has-post-thumbnail","6":"product_brand-brait","7":"product_cat-puhastusvahendid","8":"product_cat-kodukeemia","9":"pa_kogus-300-ml","10":"pa_koostis-15-voi-rohkem-kuid-vahem-kui-30-alifaatseid-susivesinikeid-vahem-kui-5-mitteioonseid-pindaktiivseid-aineid-parfuumide-koostisi-fenoksuetanool-laurulamiindipropuleendiamiin-2-butuu","11":"pa_paritolumaa-poola","12":"pa_uhik-ml","14":"first","15":"instock","16":"purchasable","17":"product-type-simple"},"acf":[],"_links":{"self":[{"href":"https:\/\/ursus.ee\/en\/wp-json\/wp\/v2\/product\/11827","targetHints":{"allow":["GET"]}}],"collection":[{"href":"https:\/\/ursus.ee\/en\/wp-json\/wp\/v2\/product"}],"about":[{"href":"https:\/\/ursus.ee\/en\/wp-json\/wp\/v2\/types\/product"}],"replies":[{"embeddable":true,"href":"https:\/\/ursus.ee\/en\/wp-json\/wp\/v2\/comments?post=11827"}],"wp:featuredmedia":[{"embeddable":true,"href":"https:\/\/ursus.ee\/en\/wp-json\/wp\/v2\/media\/14202"}],"wp:attachment":[{"href":"https:\/\/ursus.ee\/en\/wp-json\/wp\/v2\/media?parent=11827"}],"wp:term":[{"taxonomy":"product_brand","embeddable":true,"href":"https:\/\/ursus.ee\/en\/wp-json\/wp\/v2\/product_brand?post=11827"},{"taxonomy":"product_cat","embeddable":true,"href":"https:\/\/ursus.ee\/en\/wp-json\/wp\/v2\/product_cat?post=11827"},{"taxonomy":"product_tag","embeddable":true,"href":"https:\/\/ursus.ee\/en\/wp-json\/wp\/v2\/product_tag?post=11827"}],"curies":[{"name":"wp","href":"https:\/\/api.w.org\/{rel}","templated":true}]}}