{"id":11817,"date":"2025-12-16T17:50:41","date_gmt":"2025-12-16T15:50:41","guid":{"rendered":"https:\/\/ursus.ee\/toode\/hambahari-change-medium-2-vahetavat-harjapeadkaitsetops-2\/"},"modified":"2026-03-27T16:20:55","modified_gmt":"2026-03-27T14:20:55","slug":"hambahari-change-medium-2-vahetavat-harjapeadkaitsetops-2","status":"publish","type":"product","link":"https:\/\/ursus.ee\/en\/toode\/hambahari-change-medium-2-vahetavat-harjapeadkaitsetops-2\/","title":{"rendered":"Hambahari Change Medium (2 vahetavat harjapead+kaitsetops)"},"content":{"rendered":"<p>Change Medium hambahari on loodud keskkonnas\u00f5bralikuks igap\u00e4evaseks hoolduseks. K\u00e4epide on valmistatud 100% taaskasutatud plastist (v.a harjased) ning t\u00e4nu vahetatavatele harjapeadele s\u00e4\u00e4stad iga kord kuni 82% plastij\u00e4\u00e4tmeid.<\/p>\n<p>Pakendis on k\u00e4epide, 2 vahetatavat harjapead ja kaitsetops, mis teeb kasutamise mugavaks ja h\u00fcgieeniliseks. Saadaval on ka t\u00e4itepakid, et hambahari kestaks veelgi kauem.<\/p>\n","protected":false},"excerpt":{"rendered":"<p>Change Medium hambahari on loodud keskkonnas\u00f5bralikuks igap\u00e4evaseks hoolduseks. K\u00e4epide on valmistatud 100% taaskasutatud plastist (v.a harjased) ning t\u00e4nu vahetatavatele harjapeadele s\u00e4\u00e4stad iga kord kuni 82% plastij\u00e4\u00e4tmeid. Pakendis on k\u00e4epide, 2 vahetatavat harjapead ja kaitsetops, mis teeb kasutamise mugavaks ja h\u00fcgieeniliseks. Saadaval on ka t\u00e4itepakid, et hambahari kestaks veelgi kauem.<\/p>\n","protected":false},"featured_media":11818,"comment_status":"closed","ping_status":"open","template":"","meta":{"_acf_changed":false},"product_brand":[312],"product_cat":[313,321],"product_tag":[],"class_list":{"0":"post-11817","1":"product","2":"type-product","3":"status-publish","4":"has-post-thumbnail","6":"product_brand-jordan","7":"product_cat-suuhooldus","8":"product_cat-hambaharjad","9":"pa_kogus-1-kompl","10":"pa_paritolumaa-_n-a","11":"pa_uhik-kompl","13":"first","14":"instock","15":"purchasable","16":"product-type-simple"},"acf":[],"_links":{"self":[{"href":"https:\/\/ursus.ee\/en\/wp-json\/wp\/v2\/product\/11817","targetHints":{"allow":["GET"]}}],"collection":[{"href":"https:\/\/ursus.ee\/en\/wp-json\/wp\/v2\/product"}],"about":[{"href":"https:\/\/ursus.ee\/en\/wp-json\/wp\/v2\/types\/product"}],"replies":[{"embeddable":true,"href":"https:\/\/ursus.ee\/en\/wp-json\/wp\/v2\/comments?post=11817"}],"wp:featuredmedia":[{"embeddable":true,"href":"https:\/\/ursus.ee\/en\/wp-json\/wp\/v2\/media\/11818"}],"wp:attachment":[{"href":"https:\/\/ursus.ee\/en\/wp-json\/wp\/v2\/media?parent=11817"}],"wp:term":[{"taxonomy":"product_brand","embeddable":true,"href":"https:\/\/ursus.ee\/en\/wp-json\/wp\/v2\/product_brand?post=11817"},{"taxonomy":"product_cat","embeddable":true,"href":"https:\/\/ursus.ee\/en\/wp-json\/wp\/v2\/product_cat?post=11817"},{"taxonomy":"product_tag","embeddable":true,"href":"https:\/\/ursus.ee\/en\/wp-json\/wp\/v2\/product_tag?post=11817"}],"curies":[{"name":"wp","href":"https:\/\/api.w.org\/{rel}","templated":true}]}}