{"id":11809,"date":"2025-12-16T17:50:41","date_gmt":"2025-12-16T15:50:41","guid":{"rendered":"https:\/\/ursus.ee\/toode\/elektriline-hambahari-ootie-sonic-2\/"},"modified":"2026-04-06T12:06:01","modified_gmt":"2026-04-06T09:06:01","slug":"elektriline-hambahari-ootie-sonic-2","status":"publish","type":"product","link":"https:\/\/ursus.ee\/en\/toode\/elektriline-hambahari-ootie-sonic-2\/","title":{"rendered":"Elektriline hambahari Ootie Sonic"},"content":{"rendered":"<p>Jordan Kids Sonic hambahari 3\u201312 a<br \/>\nMuuda hammaste pesu lapse jaoks l\u00f5busaks ja t\u00f5husaks! Jordan Kids Sonic hambahari on loodud spetsiaalselt 3\u201312-aastastele lastele, pakkudes ergonoomilist k\u00e4epidet, \u00f5rna hoolt hammastele ja igemetele ning kolme erinevat harjamisre\u017eiimi. Surveandur aitab v\u00e4ltida liiga tugevat harjamist ja tagab igap\u00e4evase kaariesekaitse.<\/p>\n<p>Soovitatav harjapea vahetus iga 3 kuu tagant. Disainitud Norras, toodetud Hiinas.<\/p>\n","protected":false},"excerpt":{"rendered":"<p>Jordan Kids Sonic hambahari 3\u201312 a Muuda hammaste pesu lapse jaoks l\u00f5busaks ja t\u00f5husaks! Jordan Kids Sonic hambahari on loodud spetsiaalselt 3\u201312-aastastele lastele, pakkudes ergonoomilist k\u00e4epidet, \u00f5rna hoolt hammastele ja igemetele ning kolme erinevat harjamisre\u017eiimi. Surveandur aitab v\u00e4ltida liiga tugevat harjamist ja tagab igap\u00e4evase kaariesekaitse. Soovitatav harjapea vahetus iga 3 kuu tagant. Disainitud Norras, toodetud<\/p>\n","protected":false},"featured_media":11810,"comment_status":"closed","ping_status":"closed","template":"","meta":{"_acf_changed":false},"product_brand":[312],"product_cat":[313,314],"product_tag":[],"class_list":{"0":"post-11809","1":"product","2":"type-product","3":"status-publish","4":"has-post-thumbnail","6":"product_brand-jordan","7":"product_cat-suuhooldus","8":"product_cat-elektrilised-hambaharjad","9":"pa_kogus-1-kompl","10":"pa_koostis-toote-koostis-harjapea-nailonharjased-pehmed-plastikust-pea-pp-abs-kaepide-korpus-abs-plastik-libisemisvastased-tpe-kummiosad-sisemine-mehhanism-vaike-elektrimootor-trukkplaat-aku","11":"pa_paritolumaa-hiina","12":"pa_uhik-kompl","14":"first","15":"instock","16":"purchasable","17":"product-type-simple"},"acf":[],"_links":{"self":[{"href":"https:\/\/ursus.ee\/en\/wp-json\/wp\/v2\/product\/11809","targetHints":{"allow":["GET"]}}],"collection":[{"href":"https:\/\/ursus.ee\/en\/wp-json\/wp\/v2\/product"}],"about":[{"href":"https:\/\/ursus.ee\/en\/wp-json\/wp\/v2\/types\/product"}],"replies":[{"embeddable":true,"href":"https:\/\/ursus.ee\/en\/wp-json\/wp\/v2\/comments?post=11809"}],"wp:featuredmedia":[{"embeddable":true,"href":"https:\/\/ursus.ee\/en\/wp-json\/wp\/v2\/media\/11810"}],"wp:attachment":[{"href":"https:\/\/ursus.ee\/en\/wp-json\/wp\/v2\/media?parent=11809"}],"wp:term":[{"taxonomy":"product_brand","embeddable":true,"href":"https:\/\/ursus.ee\/en\/wp-json\/wp\/v2\/product_brand?post=11809"},{"taxonomy":"product_cat","embeddable":true,"href":"https:\/\/ursus.ee\/en\/wp-json\/wp\/v2\/product_cat?post=11809"},{"taxonomy":"product_tag","embeddable":true,"href":"https:\/\/ursus.ee\/en\/wp-json\/wp\/v2\/product_tag?post=11809"}],"curies":[{"name":"wp","href":"https:\/\/api.w.org\/{rel}","templated":true}]}}