{"id":11800,"date":"2025-12-16T17:50:41","date_gmt":"2025-12-16T15:50:41","guid":{"rendered":"https:\/\/ursus.ee\/toode\/elektrilise-hambaharja-ootie-vahetusharjad-s-3\/"},"modified":"2026-03-27T16:20:54","modified_gmt":"2026-03-27T14:20:54","slug":"elektrilise-hambaharja-ootie-vahetusharjad-s-3","status":"publish","type":"product","link":"https:\/\/ursus.ee\/en\/toode\/elektrilise-hambaharja-ootie-vahetusharjad-s-3\/","title":{"rendered":"Elektrilise hambaharja Ootie vahetusharjad S"},"content":{"rendered":"<p>Jordan laste elektrilise hambaharja asendusharjad on m\u00f5eldud 3\u201312-aastastele lastele ning tagavad \u00f5rna ja t\u00f5husa hammaste puhastuse. Pehmed harjased kaitsevad tundlikke igemeid, samas kui harja kulumisindikaator n\u00e4itab, millal on \u00f5ige aeg harjapea v\u00e4lja vahetada. Pakendis on 3 harjapead: 2 roosat ja 1 heleroheline.<\/p>\n","protected":false},"excerpt":{"rendered":"<p>Jordan laste elektrilise hambaharja asendusharjad on m\u00f5eldud 3\u201312-aastastele lastele ning tagavad \u00f5rna ja t\u00f5husa hammaste puhastuse. Pehmed harjased kaitsevad tundlikke igemeid, samas kui harja kulumisindikaator n\u00e4itab, millal on \u00f5ige aeg harjapea v\u00e4lja vahetada. Pakendis on 3 harjapead: 2 roosat ja 1 heleroheline.<\/p>\n","protected":false},"featured_media":11801,"comment_status":"closed","ping_status":"open","template":"","meta":{"_acf_changed":false},"product_brand":[312],"product_cat":[313,314],"product_tag":[],"class_list":{"0":"post-11800","1":"product","2":"type-product","3":"status-publish","4":"has-post-thumbnail","6":"product_brand-jordan","7":"product_cat-suuhooldus","8":"product_cat-elektrilised-hambaharjad","9":"pa_kogus-3-tk","10":"pa_paritolumaa-hiina","11":"pa_uhik-tk","13":"first","14":"instock","15":"purchasable","16":"product-type-simple"},"acf":[],"_links":{"self":[{"href":"https:\/\/ursus.ee\/en\/wp-json\/wp\/v2\/product\/11800","targetHints":{"allow":["GET"]}}],"collection":[{"href":"https:\/\/ursus.ee\/en\/wp-json\/wp\/v2\/product"}],"about":[{"href":"https:\/\/ursus.ee\/en\/wp-json\/wp\/v2\/types\/product"}],"replies":[{"embeddable":true,"href":"https:\/\/ursus.ee\/en\/wp-json\/wp\/v2\/comments?post=11800"}],"wp:featuredmedia":[{"embeddable":true,"href":"https:\/\/ursus.ee\/en\/wp-json\/wp\/v2\/media\/11801"}],"wp:attachment":[{"href":"https:\/\/ursus.ee\/en\/wp-json\/wp\/v2\/media?parent=11800"}],"wp:term":[{"taxonomy":"product_brand","embeddable":true,"href":"https:\/\/ursus.ee\/en\/wp-json\/wp\/v2\/product_brand?post=11800"},{"taxonomy":"product_cat","embeddable":true,"href":"https:\/\/ursus.ee\/en\/wp-json\/wp\/v2\/product_cat?post=11800"},{"taxonomy":"product_tag","embeddable":true,"href":"https:\/\/ursus.ee\/en\/wp-json\/wp\/v2\/product_tag?post=11800"}],"curies":[{"name":"wp","href":"https:\/\/api.w.org\/{rel}","templated":true}]}}