{"id":11779,"date":"2025-12-16T17:50:41","date_gmt":"2025-12-16T15:50:41","guid":{"rendered":"https:\/\/ursus.ee\/toode\/suuvesi-gum-protector-2\/"},"modified":"2026-03-27T16:20:54","modified_gmt":"2026-03-27T14:20:54","slug":"suuvesi-gum-protector-2","status":"publish","type":"product","link":"https:\/\/ursus.ee\/en\/toode\/suuvesi-gum-protector-2\/","title":{"rendered":"Suuvesi Gum Protector"},"content":{"rendered":"<p>Igap\u00e4evaseks kasutamiseks maheda koostisega suuvesi. Sobib ka tundlikele igemetele, hoiab igemed tervetena. \u00d5rn ilma alkoholita koostis. V\u00e4rske piparm\u00fcndi maitse.<\/p>\n","protected":false},"excerpt":{"rendered":"<p>Igap\u00e4evaseks kasutamiseks maheda koostisega suuvesi. Sobib ka tundlikele igemetele, hoiab igemed tervetena. \u00d5rn ilma alkoholita koostis. V\u00e4rske piparm\u00fcndi maitse.<\/p>\n","protected":false},"featured_media":11780,"comment_status":"closed","ping_status":"open","template":"","meta":{"_acf_changed":false},"product_brand":[312],"product_cat":[313,353],"product_tag":[],"class_list":{"0":"post-11779","1":"product","2":"type-product","3":"status-publish","4":"has-post-thumbnail","6":"product_brand-jordan","7":"product_cat-suuhooldus","8":"product_cat-suuveed","9":"pa_kogus-500-ml","10":"pa_koostis-vesi-sorbitool-kaaliumnitraat-pantenool-naatriumbensoaat-naatriumfluoriid-aroom-naatriumtsitraat-kokamidopropuulbetain-allantoiin-naatriumsahhariin-sidrunhape","11":"pa_paritolumaa-hispaania","12":"pa_uhik-ml","14":"first","15":"instock","16":"purchasable","17":"product-type-simple"},"acf":[],"_links":{"self":[{"href":"https:\/\/ursus.ee\/en\/wp-json\/wp\/v2\/product\/11779","targetHints":{"allow":["GET"]}}],"collection":[{"href":"https:\/\/ursus.ee\/en\/wp-json\/wp\/v2\/product"}],"about":[{"href":"https:\/\/ursus.ee\/en\/wp-json\/wp\/v2\/types\/product"}],"replies":[{"embeddable":true,"href":"https:\/\/ursus.ee\/en\/wp-json\/wp\/v2\/comments?post=11779"}],"wp:featuredmedia":[{"embeddable":true,"href":"https:\/\/ursus.ee\/en\/wp-json\/wp\/v2\/media\/11780"}],"wp:attachment":[{"href":"https:\/\/ursus.ee\/en\/wp-json\/wp\/v2\/media?parent=11779"}],"wp:term":[{"taxonomy":"product_brand","embeddable":true,"href":"https:\/\/ursus.ee\/en\/wp-json\/wp\/v2\/product_brand?post=11779"},{"taxonomy":"product_cat","embeddable":true,"href":"https:\/\/ursus.ee\/en\/wp-json\/wp\/v2\/product_cat?post=11779"},{"taxonomy":"product_tag","embeddable":true,"href":"https:\/\/ursus.ee\/en\/wp-json\/wp\/v2\/product_tag?post=11779"}],"curies":[{"name":"wp","href":"https:\/\/api.w.org\/{rel}","templated":true}]}}