{"id":11772,"date":"2025-12-16T17:47:11","date_gmt":"2025-12-16T15:47:11","guid":{"rendered":"https:\/\/ursus.ee\/toode\/narimis-treeninghari-0-12-kuud-extrasoft-2\/"},"modified":"2026-03-27T16:20:57","modified_gmt":"2026-03-27T14:20:57","slug":"narimis-treeninghari-0-12-kuud-extrasoft-2","status":"publish","type":"product","link":"https:\/\/ursus.ee\/en\/toode\/narimis-treeninghari-0-12-kuud-extrasoft-2\/","title":{"rendered":"N\u00e4rimis- &#038; treeninghari 0-12 kuud Extrasoft"},"content":{"rendered":"<p>Jordan Step 0 hambahari on m\u00f5eldud lastele vanuses 0 kuni 12 kuud, pakkudes neile \u00f5rna ja ohutut suuhooldust. Hambahari toimib ka n\u00e4rimisleluna, mist\u00f5ttu on see ideaalne hammaste tulekuks. Jordan Step 0 Teether pehmete elementidega, mis on tundlikele igemetele \u00f5rnad, aitab suuhoolduse varases staadiumis, mis on piimahammaste \u00f5igeks arenguks \u00fclioluline. Lapsed saavad ohutult harjuda hammaste pesemisega, leevendades samal ajal esimeste hammaste tulekuga kaasnevat ebamugavust.<\/p>\n","protected":false},"excerpt":{"rendered":"<p>Jordan Step 0 hambahari on m\u00f5eldud lastele vanuses 0 kuni 12 kuud, pakkudes neile \u00f5rna ja ohutut suuhooldust. Hambahari toimib ka n\u00e4rimisleluna, mist\u00f5ttu on see ideaalne hammaste tulekuks. Jordan Step 0 Teether pehmete elementidega, mis on tundlikele igemetele \u00f5rnad, aitab suuhoolduse varases staadiumis, mis on piimahammaste \u00f5igeks arenguks \u00fclioluline. Lapsed saavad ohutult harjuda hammaste pesemisega,<\/p>\n","protected":false},"featured_media":11773,"comment_status":"closed","ping_status":"open","template":"","meta":{"_acf_changed":false},"product_brand":[312],"product_cat":[313,321],"product_tag":[],"class_list":{"0":"post-11772","1":"product","2":"type-product","3":"status-publish","4":"has-post-thumbnail","6":"product_brand-jordan","7":"product_cat-suuhooldus","8":"product_cat-hambaharjad","9":"pa_kogus-1-tk","10":"pa_paritolumaa-malaisia","11":"pa_uhik-tk","13":"first","14":"instock","15":"purchasable","16":"product-type-simple"},"acf":[],"_links":{"self":[{"href":"https:\/\/ursus.ee\/en\/wp-json\/wp\/v2\/product\/11772","targetHints":{"allow":["GET"]}}],"collection":[{"href":"https:\/\/ursus.ee\/en\/wp-json\/wp\/v2\/product"}],"about":[{"href":"https:\/\/ursus.ee\/en\/wp-json\/wp\/v2\/types\/product"}],"replies":[{"embeddable":true,"href":"https:\/\/ursus.ee\/en\/wp-json\/wp\/v2\/comments?post=11772"}],"wp:featuredmedia":[{"embeddable":true,"href":"https:\/\/ursus.ee\/en\/wp-json\/wp\/v2\/media\/11773"}],"wp:attachment":[{"href":"https:\/\/ursus.ee\/en\/wp-json\/wp\/v2\/media?parent=11772"}],"wp:term":[{"taxonomy":"product_brand","embeddable":true,"href":"https:\/\/ursus.ee\/en\/wp-json\/wp\/v2\/product_brand?post=11772"},{"taxonomy":"product_cat","embeddable":true,"href":"https:\/\/ursus.ee\/en\/wp-json\/wp\/v2\/product_cat?post=11772"},{"taxonomy":"product_tag","embeddable":true,"href":"https:\/\/ursus.ee\/en\/wp-json\/wp\/v2\/product_tag?post=11772"}],"curies":[{"name":"wp","href":"https:\/\/api.w.org\/{rel}","templated":true}]}}