{"id":11766,"date":"2025-12-16T17:47:11","date_gmt":"2025-12-16T15:47:11","guid":{"rendered":"https:\/\/ursus.ee\/toode\/hambavahepuhasti-easy-reach-piparmunt-3in1-2\/"},"modified":"2026-03-27T16:20:57","modified_gmt":"2026-03-27T14:20:57","slug":"hambavahepuhasti-easy-reach-piparmunt-3in1-2","status":"publish","type":"product","link":"https:\/\/ursus.ee\/en\/toode\/hambavahepuhasti-easy-reach-piparmunt-3in1-2\/","title":{"rendered":"Hambavahepuhasti Easy Reach piparm\u00fcnt 3in1"},"content":{"rendered":"<p>Hambavahepuhasti 3-in-1 Hambaniit: Liigutage niiti hambavahes \u00fcles-alla. Puhastage k\u00f5ik hambavahed. Vajadusel loputage niiti. Hambatikk: Liigutage hambatikku hambavahes \u00f5rnalt edasi-tagasi. Hambatikk aitab eemaldada toiduosakesed, katu ning stimuleerib igemeid. Keelepuhasti: Liigutage keelepuhastajat suunaga keele tagumiselt osalt ettepoole. Aitab eemaldada bakterid, mille tulemuseks on v\u00e4rksem hinge\u00f5hk. Meeldivalt v\u00e4rske piparm\u00fcndimaitsega hambaniit on kergestilibisev ja ei hargne. Ulatub h\u00f5lpsalt tagumistesse hambavahedesse.<\/p>\n","protected":false},"excerpt":{"rendered":"<p>Hambavahepuhasti 3-in-1 Hambaniit: Liigutage niiti hambavahes \u00fcles-alla. Puhastage k\u00f5ik hambavahed. Vajadusel loputage niiti. Hambatikk: Liigutage hambatikku hambavahes \u00f5rnalt edasi-tagasi. Hambatikk aitab eemaldada toiduosakesed, katu ning stimuleerib igemeid. Keelepuhasti: Liigutage keelepuhastajat suunaga keele tagumiselt osalt ettepoole. Aitab eemaldada bakterid, mille tulemuseks on v\u00e4rksem hinge\u00f5hk. Meeldivalt v\u00e4rske piparm\u00fcndimaitsega hambaniit on kergestilibisev ja ei hargne. Ulatub h\u00f5lpsalt tagumistesse<\/p>\n","protected":false},"featured_media":11767,"comment_status":"closed","ping_status":"open","template":"","meta":{"_acf_changed":false},"product_brand":[312],"product_cat":[313,346],"product_tag":[],"class_list":{"0":"post-11766","1":"product","2":"type-product","3":"status-publish","4":"has-post-thumbnail","6":"product_brand-jordan","7":"product_cat-suuhooldus","8":"product_cat-hambavahepuhastid-ja-hambatikud","9":"pa_kogus-25-tk","10":"pa_paritolumaa-malaisia","11":"pa_uhik-tk","13":"first","14":"instock","15":"purchasable","16":"product-type-simple"},"acf":[],"_links":{"self":[{"href":"https:\/\/ursus.ee\/en\/wp-json\/wp\/v2\/product\/11766","targetHints":{"allow":["GET"]}}],"collection":[{"href":"https:\/\/ursus.ee\/en\/wp-json\/wp\/v2\/product"}],"about":[{"href":"https:\/\/ursus.ee\/en\/wp-json\/wp\/v2\/types\/product"}],"replies":[{"embeddable":true,"href":"https:\/\/ursus.ee\/en\/wp-json\/wp\/v2\/comments?post=11766"}],"wp:featuredmedia":[{"embeddable":true,"href":"https:\/\/ursus.ee\/en\/wp-json\/wp\/v2\/media\/11767"}],"wp:attachment":[{"href":"https:\/\/ursus.ee\/en\/wp-json\/wp\/v2\/media?parent=11766"}],"wp:term":[{"taxonomy":"product_brand","embeddable":true,"href":"https:\/\/ursus.ee\/en\/wp-json\/wp\/v2\/product_brand?post=11766"},{"taxonomy":"product_cat","embeddable":true,"href":"https:\/\/ursus.ee\/en\/wp-json\/wp\/v2\/product_cat?post=11766"},{"taxonomy":"product_tag","embeddable":true,"href":"https:\/\/ursus.ee\/en\/wp-json\/wp\/v2\/product_tag?post=11766"}],"curies":[{"name":"wp","href":"https:\/\/api.w.org\/{rel}","templated":true}]}}