{"id":11730,"date":"2025-12-16T17:47:11","date_gmt":"2025-12-16T15:47:11","guid":{"rendered":"https:\/\/ursus.ee\/toode\/hambatikud-kummiharjastega-expert-clean-between-regular-2\/"},"modified":"2026-03-27T16:20:57","modified_gmt":"2026-03-27T14:20:57","slug":"hambatikud-kummiharjastega-expert-clean-between-regular-2","status":"publish","type":"product","link":"https:\/\/ursus.ee\/en\/toode\/hambatikud-kummiharjastega-expert-clean-between-regular-2\/","title":{"rendered":"Hambatikud kummiharjastega Expert Clean Between Regular"},"content":{"rendered":"<p>Jordan Expert Clean Between pehmete harjastega hambatikud \u00f5rnaks puhastamiseks ja igemete massaa\u017eiks. K\u00e4epide on nurga all, et tagada suurep\u00e4rane ulatus ja kontroll puhastamisel. Sisestage pehme hambatikk ettevaatlikult hammaste vahedesse ja liigutage \u00f5rnalt edasi-tagasi.<\/p>\n","protected":false},"excerpt":{"rendered":"<p>Jordan Expert Clean Between pehmete harjastega hambatikud \u00f5rnaks puhastamiseks ja igemete massaa\u017eiks. K\u00e4epide on nurga all, et tagada suurep\u00e4rane ulatus ja kontroll puhastamisel. Sisestage pehme hambatikk ettevaatlikult hammaste vahedesse ja liigutage \u00f5rnalt edasi-tagasi.<\/p>\n","protected":false},"featured_media":11731,"comment_status":"closed","ping_status":"open","template":"","meta":{"_acf_changed":false},"product_brand":[312],"product_cat":[313,346],"product_tag":[],"class_list":{"0":"post-11730","1":"product","2":"type-product","3":"status-publish","4":"has-post-thumbnail","6":"product_brand-jordan","7":"product_cat-suuhooldus","8":"product_cat-hambavahepuhastid-ja-hambatikud","9":"pa_kogus-35-tk","10":"pa_paritolumaa-malaisia","11":"pa_uhik-tk","13":"first","14":"instock","15":"purchasable","16":"product-type-simple"},"acf":[],"_links":{"self":[{"href":"https:\/\/ursus.ee\/en\/wp-json\/wp\/v2\/product\/11730","targetHints":{"allow":["GET"]}}],"collection":[{"href":"https:\/\/ursus.ee\/en\/wp-json\/wp\/v2\/product"}],"about":[{"href":"https:\/\/ursus.ee\/en\/wp-json\/wp\/v2\/types\/product"}],"replies":[{"embeddable":true,"href":"https:\/\/ursus.ee\/en\/wp-json\/wp\/v2\/comments?post=11730"}],"wp:featuredmedia":[{"embeddable":true,"href":"https:\/\/ursus.ee\/en\/wp-json\/wp\/v2\/media\/11731"}],"wp:attachment":[{"href":"https:\/\/ursus.ee\/en\/wp-json\/wp\/v2\/media?parent=11730"}],"wp:term":[{"taxonomy":"product_brand","embeddable":true,"href":"https:\/\/ursus.ee\/en\/wp-json\/wp\/v2\/product_brand?post=11730"},{"taxonomy":"product_cat","embeddable":true,"href":"https:\/\/ursus.ee\/en\/wp-json\/wp\/v2\/product_cat?post=11730"},{"taxonomy":"product_tag","embeddable":true,"href":"https:\/\/ursus.ee\/en\/wp-json\/wp\/v2\/product_tag?post=11730"}],"curies":[{"name":"wp","href":"https:\/\/api.w.org\/{rel}","templated":true}]}}