{"id":11724,"date":"2025-12-16T17:47:11","date_gmt":"2025-12-16T15:47:11","guid":{"rendered":"https:\/\/ursus.ee\/toode\/hambapasta-white-smile-2\/"},"modified":"2026-03-27T16:20:56","modified_gmt":"2026-03-27T14:20:56","slug":"hambapasta-white-smile-2","status":"publish","type":"product","link":"https:\/\/ursus.ee\/en\/toode\/hambapasta-white-smile-2\/","title":{"rendered":"Hambapasta White Smile"},"content":{"rendered":"<p>Stay Fresh \u2122 tehnoloogia tagab puhtad hambad ja v\u00e4rske hinge\u00f5hu. Eemaldab hammastelt plekid ja tagab igap\u00e4evasel kasutamisel naturaalselt valged hambad. \u00d5rn hambaemailile. M\u00fcndimaitseline. Sisaldab: naatriumfluoriidi 1450ppm F. Kuueaastased ja nooremad lapsed peaksid kasutama laste hambapastat.<\/p>\n","protected":false},"excerpt":{"rendered":"<p>Stay Fresh \u2122 tehnoloogia tagab puhtad hambad ja v\u00e4rske hinge\u00f5hu. Eemaldab hammastelt plekid ja tagab igap\u00e4evasel kasutamisel naturaalselt valged hambad. \u00d5rn hambaemailile. M\u00fcndimaitseline. Sisaldab: naatriumfluoriidi 1450ppm F. Kuueaastased ja nooremad lapsed peaksid kasutama laste hambapastat.<\/p>\n","protected":false},"featured_media":11725,"comment_status":"closed","ping_status":"open","template":"","meta":{"_acf_changed":false},"product_brand":[312],"product_cat":[313,332],"product_tag":[],"class_list":{"0":"post-11724","1":"product","2":"type-product","3":"status-publish","4":"has-post-thumbnail","6":"product_brand-jordan","7":"product_cat-suuhooldus","8":"product_cat-hambapastad","9":"pa_kogus-75-ml","10":"pa_koostis-aqua-sorbitol-hydrated-silica-peg-32-glycerin-sodium-lauryl-sulfate-xylitol-tetrapotassium-pyrophosphate-aroma-zinc-gluconate-sodium-fluoride-cellulose-gum-sodium-saccharin-limonene-ci","11":"pa_paritolumaa-rootsi","12":"pa_uhik-ml","14":"first","15":"instock","16":"purchasable","17":"product-type-simple"},"acf":[],"_links":{"self":[{"href":"https:\/\/ursus.ee\/en\/wp-json\/wp\/v2\/product\/11724","targetHints":{"allow":["GET"]}}],"collection":[{"href":"https:\/\/ursus.ee\/en\/wp-json\/wp\/v2\/product"}],"about":[{"href":"https:\/\/ursus.ee\/en\/wp-json\/wp\/v2\/types\/product"}],"replies":[{"embeddable":true,"href":"https:\/\/ursus.ee\/en\/wp-json\/wp\/v2\/comments?post=11724"}],"wp:featuredmedia":[{"embeddable":true,"href":"https:\/\/ursus.ee\/en\/wp-json\/wp\/v2\/media\/11725"}],"wp:attachment":[{"href":"https:\/\/ursus.ee\/en\/wp-json\/wp\/v2\/media?parent=11724"}],"wp:term":[{"taxonomy":"product_brand","embeddable":true,"href":"https:\/\/ursus.ee\/en\/wp-json\/wp\/v2\/product_brand?post=11724"},{"taxonomy":"product_cat","embeddable":true,"href":"https:\/\/ursus.ee\/en\/wp-json\/wp\/v2\/product_cat?post=11724"},{"taxonomy":"product_tag","embeddable":true,"href":"https:\/\/ursus.ee\/en\/wp-json\/wp\/v2\/product_tag?post=11724"}],"curies":[{"name":"wp","href":"https:\/\/api.w.org\/{rel}","templated":true}]}}