{"id":11714,"date":"2025-12-16T17:47:11","date_gmt":"2025-12-16T15:47:11","guid":{"rendered":"https:\/\/ursus.ee\/toode\/hambapasta-tastepaste-fresh-mint-2\/"},"modified":"2026-03-27T16:20:54","modified_gmt":"2026-03-27T14:20:54","slug":"hambapasta-tastepaste-fresh-mint-2","status":"publish","type":"product","link":"https:\/\/ursus.ee\/en\/toode\/hambapasta-tastepaste-fresh-mint-2\/","title":{"rendered":"Hambapasta Tastepaste Fresh Mint"},"content":{"rendered":"<p>P\u00f5neva v\u00e4rske-m\u00fcndi maitsega \u00f5rnatoimeline hambapasta. Valgendava toimega ja kaariesekaitsega. Sisaldab: naatriumfluoriidi 1450ppm F. Kuueaastased ja nooremad lapsed peaksid kasutama laste hambapastat.<\/p>\n","protected":false},"excerpt":{"rendered":"<p>P\u00f5neva v\u00e4rske-m\u00fcndi maitsega \u00f5rnatoimeline hambapasta. Valgendava toimega ja kaariesekaitsega. Sisaldab: naatriumfluoriidi 1450ppm F. Kuueaastased ja nooremad lapsed peaksid kasutama laste hambapastat.<\/p>\n","protected":false},"featured_media":11715,"comment_status":"closed","ping_status":"open","template":"","meta":{"_acf_changed":false},"product_brand":[312],"product_cat":[313,332],"product_tag":[],"class_list":{"0":"post-11714","1":"product","2":"type-product","3":"status-publish","4":"has-post-thumbnail","6":"product_brand-jordan","7":"product_cat-suuhooldus","8":"product_cat-hambapastad","9":"pa_kogus-50-ml","10":"pa_koostis-sorbitol-aqua-hydrated-silica-xylitol-cellulose-gum-sodium-c14-16-olefin-sulfonate-papain-aroma-sodium-fluoride-sodium-benzoate-sodium-saccharin-maltodextrin-limonene-ci-75810","11":"pa_paritolumaa-hispaania","12":"pa_uhik-ml","14":"first","15":"instock","16":"purchasable","17":"product-type-simple"},"acf":[],"_links":{"self":[{"href":"https:\/\/ursus.ee\/en\/wp-json\/wp\/v2\/product\/11714","targetHints":{"allow":["GET"]}}],"collection":[{"href":"https:\/\/ursus.ee\/en\/wp-json\/wp\/v2\/product"}],"about":[{"href":"https:\/\/ursus.ee\/en\/wp-json\/wp\/v2\/types\/product"}],"replies":[{"embeddable":true,"href":"https:\/\/ursus.ee\/en\/wp-json\/wp\/v2\/comments?post=11714"}],"wp:featuredmedia":[{"embeddable":true,"href":"https:\/\/ursus.ee\/en\/wp-json\/wp\/v2\/media\/11715"}],"wp:attachment":[{"href":"https:\/\/ursus.ee\/en\/wp-json\/wp\/v2\/media?parent=11714"}],"wp:term":[{"taxonomy":"product_brand","embeddable":true,"href":"https:\/\/ursus.ee\/en\/wp-json\/wp\/v2\/product_brand?post=11714"},{"taxonomy":"product_cat","embeddable":true,"href":"https:\/\/ursus.ee\/en\/wp-json\/wp\/v2\/product_cat?post=11714"},{"taxonomy":"product_tag","embeddable":true,"href":"https:\/\/ursus.ee\/en\/wp-json\/wp\/v2\/product_tag?post=11714"}],"curies":[{"name":"wp","href":"https:\/\/api.w.org\/{rel}","templated":true}]}}