{"id":11708,"date":"2025-12-16T17:41:33","date_gmt":"2025-12-16T15:41:33","guid":{"rendered":"https:\/\/ursus.ee\/toode\/hambapasta-stay-fresh-sensitive-2\/"},"modified":"2026-03-27T16:20:56","modified_gmt":"2026-03-27T14:20:56","slug":"hambapasta-stay-fresh-sensitive-2","status":"publish","type":"product","link":"https:\/\/ursus.ee\/en\/toode\/hambapasta-stay-fresh-sensitive-2\/","title":{"rendered":"Hambapasta Stay Fresh Sensitive"},"content":{"rendered":"<p>Jordan Sensitive hambapasta sisaldab koostisaineid, mis on spetsiaalselt m\u00f5eldud tundlikkudele hammastele ja igemetele. Hambapasta sisaldab t\u00f5husaks kaariesekaitseks nii ks\u00fclitooli kui fluoriidi ning on hambaemailile \u00f5rnatoimeline. On kliiniliselt t\u00f5estatud, et hambapasta kasutamine 2 korda p\u00e4evas v\u00e4hendab hammaste tundlikkust. V\u00e4lja t\u00f6\u00f6tatud ja toodetud Skandinaavias.<\/p>\n","protected":false},"excerpt":{"rendered":"<p>Jordan Sensitive hambapasta sisaldab koostisaineid, mis on spetsiaalselt m\u00f5eldud tundlikkudele hammastele ja igemetele. Hambapasta sisaldab t\u00f5husaks kaariesekaitseks nii ks\u00fclitooli kui fluoriidi ning on hambaemailile \u00f5rnatoimeline. On kliiniliselt t\u00f5estatud, et hambapasta kasutamine 2 korda p\u00e4evas v\u00e4hendab hammaste tundlikkust. V\u00e4lja t\u00f6\u00f6tatud ja toodetud Skandinaavias.<\/p>\n","protected":false},"featured_media":11709,"comment_status":"closed","ping_status":"open","template":"","meta":{"_acf_changed":false},"product_brand":[312],"product_cat":[313,332],"product_tag":[],"class_list":{"0":"post-11708","1":"product","2":"type-product","3":"status-publish","4":"has-post-thumbnail","6":"product_brand-jordan","7":"product_cat-suuhooldus","8":"product_cat-hambapastad","9":"pa_kogus-75-ml","10":"pa_koostis-aqua-sorbitol-hydrated-silica-potassium-citrate-glycerin-peg-32-xylitol-zinc-gluconate-sodium-fluoride-sodium-saccharin-cellulose-gum-cocamidopropyl-betaine-sodium-chloride-sodium-benzoa","11":"pa_paritolumaa-rootsi","12":"pa_uhik-ml","14":"first","15":"instock","16":"purchasable","17":"product-type-simple"},"acf":[],"_links":{"self":[{"href":"https:\/\/ursus.ee\/en\/wp-json\/wp\/v2\/product\/11708","targetHints":{"allow":["GET"]}}],"collection":[{"href":"https:\/\/ursus.ee\/en\/wp-json\/wp\/v2\/product"}],"about":[{"href":"https:\/\/ursus.ee\/en\/wp-json\/wp\/v2\/types\/product"}],"replies":[{"embeddable":true,"href":"https:\/\/ursus.ee\/en\/wp-json\/wp\/v2\/comments?post=11708"}],"wp:featuredmedia":[{"embeddable":true,"href":"https:\/\/ursus.ee\/en\/wp-json\/wp\/v2\/media\/11709"}],"wp:attachment":[{"href":"https:\/\/ursus.ee\/en\/wp-json\/wp\/v2\/media?parent=11708"}],"wp:term":[{"taxonomy":"product_brand","embeddable":true,"href":"https:\/\/ursus.ee\/en\/wp-json\/wp\/v2\/product_brand?post=11708"},{"taxonomy":"product_cat","embeddable":true,"href":"https:\/\/ursus.ee\/en\/wp-json\/wp\/v2\/product_cat?post=11708"},{"taxonomy":"product_tag","embeddable":true,"href":"https:\/\/ursus.ee\/en\/wp-json\/wp\/v2\/product_tag?post=11708"}],"curies":[{"name":"wp","href":"https:\/\/api.w.org\/{rel}","templated":true}]}}