{"id":11704,"date":"2025-12-16T17:41:33","date_gmt":"2025-12-16T15:41:33","guid":{"rendered":"https:\/\/ursus.ee\/toode\/hambapasta-pump-kids-1000ppm-2\/"},"modified":"2026-04-23T15:25:26","modified_gmt":"2026-04-23T12:25:26","slug":"hambapasta-pump-kids-1000ppm-2","status":"publish","type":"product","link":"https:\/\/ursus.ee\/en\/toode\/hambapasta-pump-kids-1000ppm-2\/","title":{"rendered":"Hambapasta Pump Kids 1000ppm"},"content":{"rendered":"<p>Populaarne laste hambapasta pumbaga muudab hambapesu mugavamaks, l\u00f5busamaks ja motiveerivamaks. Pump v\u00f5imaldab lihtsalt doseerida vaid \u00fche vajutusega ja seda on lastel mugav kasutada. Hambapasta on lastele soovitatava fluoriiditasemega. Maheda maasikamaitsega.<\/p>\n","protected":false},"excerpt":{"rendered":"<p>Populaarne laste hambapasta pumbaga muudab hambapesu mugavamaks, l\u00f5busamaks ja motiveerivamaks. Pump v\u00f5imaldab lihtsalt doseerida vaid \u00fche vajutusega ja seda on lastel mugav kasutada. Hambapasta on lastele soovitatava fluoriiditasemega. Maheda maasikamaitsega.<\/p>\n","protected":false},"featured_media":17415,"comment_status":"closed","ping_status":"closed","template":"","meta":{"_acf_changed":false},"product_brand":[312],"product_cat":[313,332],"product_tag":[],"class_list":{"0":"post-11704","1":"product","2":"type-product","3":"status-publish","4":"has-post-thumbnail","6":"product_brand-jordan","7":"product_cat-suuhooldus","8":"product_cat-hambapastad","9":"pa_kogus-150-ml","10":"pa_koostis-ei-sisalda-sulfaate-0-sls-98-naturaalsetest-koostisainetest-sisaldab-naatriumfluoriidi-1000ppm-f","11":"pa_paritolumaa-malaisia","12":"pa_uhik-ml","14":"first","15":"instock","16":"taxable","17":"shipping-taxable","18":"purchasable","19":"product-type-simple"},"acf":[],"_links":{"self":[{"href":"https:\/\/ursus.ee\/en\/wp-json\/wp\/v2\/product\/11704","targetHints":{"allow":["GET"]}}],"collection":[{"href":"https:\/\/ursus.ee\/en\/wp-json\/wp\/v2\/product"}],"about":[{"href":"https:\/\/ursus.ee\/en\/wp-json\/wp\/v2\/types\/product"}],"replies":[{"embeddable":true,"href":"https:\/\/ursus.ee\/en\/wp-json\/wp\/v2\/comments?post=11704"}],"wp:featuredmedia":[{"embeddable":true,"href":"https:\/\/ursus.ee\/en\/wp-json\/wp\/v2\/media\/17415"}],"wp:attachment":[{"href":"https:\/\/ursus.ee\/en\/wp-json\/wp\/v2\/media?parent=11704"}],"wp:term":[{"taxonomy":"product_brand","embeddable":true,"href":"https:\/\/ursus.ee\/en\/wp-json\/wp\/v2\/product_brand?post=11704"},{"taxonomy":"product_cat","embeddable":true,"href":"https:\/\/ursus.ee\/en\/wp-json\/wp\/v2\/product_cat?post=11704"},{"taxonomy":"product_tag","embeddable":true,"href":"https:\/\/ursus.ee\/en\/wp-json\/wp\/v2\/product_tag?post=11704"}],"curies":[{"name":"wp","href":"https:\/\/api.w.org\/{rel}","templated":true}]}}