{"id":11699,"date":"2025-12-16T17:41:33","date_gmt":"2025-12-16T15:41:33","guid":{"rendered":"https:\/\/ursus.ee\/toode\/hambapasta-pump-junior-1450ppm-2\/"},"modified":"2026-03-27T16:20:54","modified_gmt":"2026-03-27T14:20:54","slug":"hambapasta-pump-junior-1450ppm-2","status":"publish","type":"product","link":"https:\/\/ursus.ee\/en\/toode\/hambapasta-pump-junior-1450ppm-2\/","title":{"rendered":"Hambapasta Pump Junior 1450ppm"},"content":{"rendered":"<p>Populaarne noorte hambapasta pumbaga muudab hambapesu mugavamaks, l\u00f5busamaks ja motiveerivamaks. Pump v\u00f5imaldab lihtsalt doseerida vaid \u00fche vajutusega ja seda on lastel mugav kasutada. Hambapasta on lastele soovitatava fluoriiditasemega. Maheda maasikamaitsega.<\/p>\n","protected":false},"excerpt":{"rendered":"<p>Populaarne noorte hambapasta pumbaga muudab hambapesu mugavamaks, l\u00f5busamaks ja motiveerivamaks. Pump v\u00f5imaldab lihtsalt doseerida vaid \u00fche vajutusega ja seda on lastel mugav kasutada. Hambapasta on lastele soovitatava fluoriiditasemega. Maheda maasikamaitsega.<\/p>\n","protected":false},"featured_media":11700,"comment_status":"closed","ping_status":"open","template":"","meta":{"_acf_changed":false},"product_brand":[312],"product_cat":[313,332],"product_tag":[],"class_list":{"0":"post-11699","1":"product","2":"type-product","3":"status-publish","4":"has-post-thumbnail","6":"product_brand-jordan","7":"product_cat-suuhooldus","8":"product_cat-hambapastad","9":"pa_kogus-150-ml","10":"pa_koostis-ei-sisalda-sulfaate-0-sls-98-naturaalsetest-koostisainetest-sisaldab-naatriumfluoriidi-1450ppm-f","11":"pa_paritolumaa-malaisia","12":"pa_uhik-ml","14":"first","15":"instock","16":"purchasable","17":"product-type-simple"},"acf":[],"_links":{"self":[{"href":"https:\/\/ursus.ee\/en\/wp-json\/wp\/v2\/product\/11699","targetHints":{"allow":["GET"]}}],"collection":[{"href":"https:\/\/ursus.ee\/en\/wp-json\/wp\/v2\/product"}],"about":[{"href":"https:\/\/ursus.ee\/en\/wp-json\/wp\/v2\/types\/product"}],"replies":[{"embeddable":true,"href":"https:\/\/ursus.ee\/en\/wp-json\/wp\/v2\/comments?post=11699"}],"wp:featuredmedia":[{"embeddable":true,"href":"https:\/\/ursus.ee\/en\/wp-json\/wp\/v2\/media\/11700"}],"wp:attachment":[{"href":"https:\/\/ursus.ee\/en\/wp-json\/wp\/v2\/media?parent=11699"}],"wp:term":[{"taxonomy":"product_brand","embeddable":true,"href":"https:\/\/ursus.ee\/en\/wp-json\/wp\/v2\/product_brand?post=11699"},{"taxonomy":"product_cat","embeddable":true,"href":"https:\/\/ursus.ee\/en\/wp-json\/wp\/v2\/product_cat?post=11699"},{"taxonomy":"product_tag","embeddable":true,"href":"https:\/\/ursus.ee\/en\/wp-json\/wp\/v2\/product_tag?post=11699"}],"curies":[{"name":"wp","href":"https:\/\/api.w.org\/{rel}","templated":true}]}}