{"id":11689,"date":"2025-12-16T17:41:33","date_gmt":"2025-12-16T15:41:33","guid":{"rendered":"https:\/\/ursus.ee\/toode\/hambapasta-green-clean-white-2\/"},"modified":"2026-03-27T16:20:56","modified_gmt":"2026-03-27T14:20:56","slug":"hambapasta-green-clean-white-2","status":"publish","type":"product","link":"https:\/\/ursus.ee\/en\/toode\/hambapasta-green-clean-white-2\/","title":{"rendered":"Hambapasta Green Clean White"},"content":{"rendered":"<p>Meie uus Green Clean valgendava efektiga hambapasta loodi Sinule ja planeedile m\u00f5eldes! J\u00e4tkusuutlikkus on olnud meie esimene prioriteet, kvaliteedis j\u00e4releandmisi tegemata. On kliiniliselt t\u00f5estatud, et hambapasta kasutamine igap\u00e4evaselt kahe n\u00e4dala jooksul tagab valgemad hambad. Keskkonnale m\u00f5eldes oleme valinud looduslikud koostisosad, mis on oma olemuselt kergesti biolagunevad. Hambapasta sisaldab 98% looduslikke koostisosasid. Hambapasta sisaldab parimaks kaariesekaitseks fluoriidi ja ks\u00fclitooli. Valisime hambapasta magustamiseks loodusliku stevia. Lisatud aktiivs\u00fcsi on looduslik v\u00e4rvaine ja hambapastal on m\u00f5nus v\u00e4rske jahutava efektiga maitse. Green Clean hambapasta on 100% vegan ja selle on sertifitseerinud Veganite \u00dchendus. Hambapastatuub sisaldab kuni 50% taaskasutatud plastikut, mis on valmistatud tarbijate poolt tagastatud toidupakendi j\u00e4\u00e4kidest, nagu piima-, vee- ja mahlapudelid.<\/p>\n","protected":false},"excerpt":{"rendered":"<p>Meie uus Green Clean valgendava efektiga hambapasta loodi Sinule ja planeedile m\u00f5eldes! J\u00e4tkusuutlikkus on olnud meie esimene prioriteet, kvaliteedis j\u00e4releandmisi tegemata. On kliiniliselt t\u00f5estatud, et hambapasta kasutamine igap\u00e4evaselt kahe n\u00e4dala jooksul tagab valgemad hambad. Keskkonnale m\u00f5eldes oleme valinud looduslikud koostisosad, mis on oma olemuselt kergesti biolagunevad. Hambapasta sisaldab 98% looduslikke koostisosasid. Hambapasta sisaldab parimaks kaariesekaitseks<\/p>\n","protected":false},"featured_media":11690,"comment_status":"closed","ping_status":"open","template":"","meta":{"_acf_changed":false},"product_brand":[312],"product_cat":[313,332],"product_tag":[],"class_list":{"0":"post-11689","1":"product","2":"type-product","3":"status-publish","4":"has-post-thumbnail","6":"product_brand-jordan","7":"product_cat-suuhooldus","8":"product_cat-hambapastad","9":"pa_kogus-75-ml","10":"pa_koostis-aqua-sorbitol-hydrated-silica-xylitol-glycolipids-xanthan-gum-stevia-rebaudiana-extract-camellia-sinensis-leaf-extract-glycerin-maltodextrin-sodium-fluoride-potassium-sorbate-citric-acid","11":"pa_paritolumaa-rootsi","12":"pa_uhik-ml","14":"first","15":"instock","16":"purchasable","17":"product-type-simple"},"acf":[],"_links":{"self":[{"href":"https:\/\/ursus.ee\/en\/wp-json\/wp\/v2\/product\/11689","targetHints":{"allow":["GET"]}}],"collection":[{"href":"https:\/\/ursus.ee\/en\/wp-json\/wp\/v2\/product"}],"about":[{"href":"https:\/\/ursus.ee\/en\/wp-json\/wp\/v2\/types\/product"}],"replies":[{"embeddable":true,"href":"https:\/\/ursus.ee\/en\/wp-json\/wp\/v2\/comments?post=11689"}],"wp:featuredmedia":[{"embeddable":true,"href":"https:\/\/ursus.ee\/en\/wp-json\/wp\/v2\/media\/11690"}],"wp:attachment":[{"href":"https:\/\/ursus.ee\/en\/wp-json\/wp\/v2\/media?parent=11689"}],"wp:term":[{"taxonomy":"product_brand","embeddable":true,"href":"https:\/\/ursus.ee\/en\/wp-json\/wp\/v2\/product_brand?post=11689"},{"taxonomy":"product_cat","embeddable":true,"href":"https:\/\/ursus.ee\/en\/wp-json\/wp\/v2\/product_cat?post=11689"},{"taxonomy":"product_tag","embeddable":true,"href":"https:\/\/ursus.ee\/en\/wp-json\/wp\/v2\/product_tag?post=11689"}],"curies":[{"name":"wp","href":"https:\/\/api.w.org\/{rel}","templated":true}]}}