{"id":11681,"date":"2025-12-16T17:41:33","date_gmt":"2025-12-16T15:41:33","guid":{"rendered":"https:\/\/ursus.ee\/toode\/hambapasta-green-clean-junior-2\/"},"modified":"2026-03-27T16:20:56","modified_gmt":"2026-03-27T14:20:56","slug":"hambapasta-green-clean-junior-2","status":"publish","type":"product","link":"https:\/\/ursus.ee\/en\/toode\/hambapasta-green-clean-junior-2\/","title":{"rendered":"Hambapasta Green Clean Junior"},"content":{"rendered":"<p>Hambapasta Green Clean lastele 6+. Keskkonna- ja lapse\u00f5braliku koostisega vegan hambapasta on valmistatud 98% ulatuses looduslikku p\u00e4ritolu koostisosadest. Hambapasta sisaldab kummeliekstrakti, ks\u00fclitooli ja naatriumfluoriidi 1450ppm F. Toote pakend on valmistatud taaskasutatud materjalidest. Optimaalseks hammaste pesuks kasuta hambapasta indikaatooriga Jordan hambaharja.<\/p>\n","protected":false},"excerpt":{"rendered":"<p>Hambapasta Green Clean lastele 6+. Keskkonna- ja lapse\u00f5braliku koostisega vegan hambapasta on valmistatud 98% ulatuses looduslikku p\u00e4ritolu koostisosadest. Hambapasta sisaldab kummeliekstrakti, ks\u00fclitooli ja naatriumfluoriidi 1450ppm F. Toote pakend on valmistatud taaskasutatud materjalidest. Optimaalseks hammaste pesuks kasuta hambapasta indikaatooriga Jordan hambaharja.<\/p>\n","protected":false},"featured_media":11682,"comment_status":"closed","ping_status":"open","template":"","meta":{"_acf_changed":false},"product_brand":[312],"product_cat":[313,332],"product_tag":[],"class_list":{"0":"post-11681","1":"product","2":"type-product","3":"status-publish","4":"has-post-thumbnail","6":"product_brand-jordan","7":"product_cat-suuhooldus","8":"product_cat-hambapastad","9":"pa_kogus-50-ml","10":"pa_paritolumaa-rootsi","11":"pa_uhik-ml","13":"first","14":"instock","15":"purchasable","16":"product-type-simple"},"acf":[],"_links":{"self":[{"href":"https:\/\/ursus.ee\/en\/wp-json\/wp\/v2\/product\/11681","targetHints":{"allow":["GET"]}}],"collection":[{"href":"https:\/\/ursus.ee\/en\/wp-json\/wp\/v2\/product"}],"about":[{"href":"https:\/\/ursus.ee\/en\/wp-json\/wp\/v2\/types\/product"}],"replies":[{"embeddable":true,"href":"https:\/\/ursus.ee\/en\/wp-json\/wp\/v2\/comments?post=11681"}],"wp:featuredmedia":[{"embeddable":true,"href":"https:\/\/ursus.ee\/en\/wp-json\/wp\/v2\/media\/11682"}],"wp:attachment":[{"href":"https:\/\/ursus.ee\/en\/wp-json\/wp\/v2\/media?parent=11681"}],"wp:term":[{"taxonomy":"product_brand","embeddable":true,"href":"https:\/\/ursus.ee\/en\/wp-json\/wp\/v2\/product_brand?post=11681"},{"taxonomy":"product_cat","embeddable":true,"href":"https:\/\/ursus.ee\/en\/wp-json\/wp\/v2\/product_cat?post=11681"},{"taxonomy":"product_tag","embeddable":true,"href":"https:\/\/ursus.ee\/en\/wp-json\/wp\/v2\/product_tag?post=11681"}],"curies":[{"name":"wp","href":"https:\/\/api.w.org\/{rel}","templated":true}]}}