{"id":11676,"date":"2025-12-16T17:41:33","date_gmt":"2025-12-16T15:41:33","guid":{"rendered":"https:\/\/ursus.ee\/toode\/hambapasta-fresh-breath-2\/"},"modified":"2026-03-27T16:20:56","modified_gmt":"2026-03-27T14:20:56","slug":"hambapasta-fresh-breath-2","status":"publish","type":"product","link":"https:\/\/ursus.ee\/en\/toode\/hambapasta-fresh-breath-2\/","title":{"rendered":"Hambapasta Fresh Breath"},"content":{"rendered":"<p>Stay Fresh \u2122 tehnoloogia tagab puhtad hambad ja v\u00e4rske hinge\u00f5hu. Kliiniliselt t\u00f5estatud pikaaegne v\u00e4rske hinge\u00f5hk. Sisaldab tsinki ja Optafresh \u00a9, mis aitavad elimineerida halba hinge\u00f5hku. \u00d5rn hambaemailile. Tugeva m\u00fcndi maitsega. Sisaldab: naatriumfluoriidi 1450ppm F. Kuueaastased ja nooremad lapsed peaksid kasutama laste hambapastat.<\/p>\n","protected":false},"excerpt":{"rendered":"<p>Stay Fresh \u2122 tehnoloogia tagab puhtad hambad ja v\u00e4rske hinge\u00f5hu. Kliiniliselt t\u00f5estatud pikaaegne v\u00e4rske hinge\u00f5hk. Sisaldab tsinki ja Optafresh \u00a9, mis aitavad elimineerida halba hinge\u00f5hku. \u00d5rn hambaemailile. Tugeva m\u00fcndi maitsega. Sisaldab: naatriumfluoriidi 1450ppm F. Kuueaastased ja nooremad lapsed peaksid kasutama laste hambapastat.<\/p>\n","protected":false},"featured_media":11677,"comment_status":"closed","ping_status":"open","template":"","meta":{"_acf_changed":false},"product_brand":[312],"product_cat":[313,332],"product_tag":[],"class_list":{"0":"post-11676","1":"product","2":"type-product","3":"status-publish","4":"has-post-thumbnail","6":"product_brand-jordan","7":"product_cat-suuhooldus","8":"product_cat-hambapastad","9":"pa_kogus-75-ml","10":"pa_koostis-aqua-sorbitol-hydrated-silica-peg-32-glycerin-sodium-lauryl-sulfate-aroma-xylitol-zinc-gluconate-sodium-fluoride-cellulose-gum-sodium-saccharin-pvm-ma-copolymer-sodium-hydroxide-limonen","11":"pa_paritolumaa-rootsi","12":"pa_uhik-ml","14":"first","15":"instock","16":"purchasable","17":"product-type-simple"},"acf":[],"_links":{"self":[{"href":"https:\/\/ursus.ee\/en\/wp-json\/wp\/v2\/product\/11676","targetHints":{"allow":["GET"]}}],"collection":[{"href":"https:\/\/ursus.ee\/en\/wp-json\/wp\/v2\/product"}],"about":[{"href":"https:\/\/ursus.ee\/en\/wp-json\/wp\/v2\/types\/product"}],"replies":[{"embeddable":true,"href":"https:\/\/ursus.ee\/en\/wp-json\/wp\/v2\/comments?post=11676"}],"wp:featuredmedia":[{"embeddable":true,"href":"https:\/\/ursus.ee\/en\/wp-json\/wp\/v2\/media\/11677"}],"wp:attachment":[{"href":"https:\/\/ursus.ee\/en\/wp-json\/wp\/v2\/media?parent=11676"}],"wp:term":[{"taxonomy":"product_brand","embeddable":true,"href":"https:\/\/ursus.ee\/en\/wp-json\/wp\/v2\/product_brand?post=11676"},{"taxonomy":"product_cat","embeddable":true,"href":"https:\/\/ursus.ee\/en\/wp-json\/wp\/v2\/product_cat?post=11676"},{"taxonomy":"product_tag","embeddable":true,"href":"https:\/\/ursus.ee\/en\/wp-json\/wp\/v2\/product_tag?post=11676"}],"curies":[{"name":"wp","href":"https:\/\/api.w.org\/{rel}","templated":true}]}}