{"id":11673,"date":"2025-12-16T17:41:33","date_gmt":"2025-12-16T15:41:33","guid":{"rendered":"https:\/\/ursus.ee\/toode\/hambapasta-caries-defence-2\/"},"modified":"2026-03-27T16:20:56","modified_gmt":"2026-03-27T14:20:56","slug":"hambapasta-caries-defence-2","status":"publish","type":"product","link":"https:\/\/ursus.ee\/en\/toode\/hambapasta-caries-defence-2\/","title":{"rendered":"Hambapasta Caries Defence"},"content":{"rendered":"<p>Stay Fresh \u2122 tehnoloogia tagab puhtad hambad ja v\u00e4rske hinge\u00f5hu. Sisalduv ks\u00fclitool ja tsink aitavad eemaldada efektiivselt katu. Sisaldab naatriumfluoriidi ja ekstra* koguse ks\u00fclitooli, mis tagavad kliiniliste uuringute p\u00f5hjal tugevamad hambad. \u00d5rn hambaemailile. M\u00fcndimaitseline. Sisaldab: naatriumfluoriidi 1450ppm F. Kuueaastased ja nooremad lapsed peaksid kasutama laste hambapastat.<\/p>\n","protected":false},"excerpt":{"rendered":"<p>Stay Fresh \u2122 tehnoloogia tagab puhtad hambad ja v\u00e4rske hinge\u00f5hu. Sisalduv ks\u00fclitool ja tsink aitavad eemaldada efektiivselt katu. Sisaldab naatriumfluoriidi ja ekstra* koguse ks\u00fclitooli, mis tagavad kliiniliste uuringute p\u00f5hjal tugevamad hambad. \u00d5rn hambaemailile. M\u00fcndimaitseline. Sisaldab: naatriumfluoriidi 1450ppm F. Kuueaastased ja nooremad lapsed peaksid kasutama laste hambapastat.<\/p>\n","protected":false},"featured_media":11674,"comment_status":"closed","ping_status":"open","template":"","meta":{"_acf_changed":false},"product_brand":[312],"product_cat":[313,332],"product_tag":[],"class_list":{"0":"post-11673","1":"product","2":"type-product","3":"status-publish","4":"has-post-thumbnail","6":"product_brand-jordan","7":"product_cat-suuhooldus","8":"product_cat-hambapastad","9":"pa_kogus-75-ml","10":"pa_koostis-aqua-sorbitol-hydrated-silica-xylitol-peg-32-glycerin-sodium-lauryl-sulfate-aroma-zinc-gluconate-sodium-fluoride-cellulose-gum-sodium-saccharin-limonene-ci-74160-ci-77891","11":"pa_paritolumaa-rootsi","12":"pa_uhik-ml","14":"first","15":"instock","16":"purchasable","17":"product-type-simple"},"acf":[],"_links":{"self":[{"href":"https:\/\/ursus.ee\/en\/wp-json\/wp\/v2\/product\/11673","targetHints":{"allow":["GET"]}}],"collection":[{"href":"https:\/\/ursus.ee\/en\/wp-json\/wp\/v2\/product"}],"about":[{"href":"https:\/\/ursus.ee\/en\/wp-json\/wp\/v2\/types\/product"}],"replies":[{"embeddable":true,"href":"https:\/\/ursus.ee\/en\/wp-json\/wp\/v2\/comments?post=11673"}],"wp:featuredmedia":[{"embeddable":true,"href":"https:\/\/ursus.ee\/en\/wp-json\/wp\/v2\/media\/11674"}],"wp:attachment":[{"href":"https:\/\/ursus.ee\/en\/wp-json\/wp\/v2\/media?parent=11673"}],"wp:term":[{"taxonomy":"product_brand","embeddable":true,"href":"https:\/\/ursus.ee\/en\/wp-json\/wp\/v2\/product_brand?post=11673"},{"taxonomy":"product_cat","embeddable":true,"href":"https:\/\/ursus.ee\/en\/wp-json\/wp\/v2\/product_cat?post=11673"},{"taxonomy":"product_tag","embeddable":true,"href":"https:\/\/ursus.ee\/en\/wp-json\/wp\/v2\/product_tag?post=11673"}],"curies":[{"name":"wp","href":"https:\/\/api.w.org\/{rel}","templated":true}]}}