{"id":11670,"date":"2025-12-16T17:41:33","date_gmt":"2025-12-16T15:41:33","guid":{"rendered":"https:\/\/ursus.ee\/toode\/hambaniit-valgendav-25m-2\/"},"modified":"2026-03-27T16:20:56","modified_gmt":"2026-03-27T14:20:56","slug":"hambaniit-valgendav-25m-2","status":"publish","type":"product","link":"https:\/\/ursus.ee\/en\/toode\/hambaniit-valgendav-25m-2\/","title":{"rendered":"Hambaniit valgendav 25m"},"content":{"rendered":"<p>Eemaldab efektiivselt katu ja toiduosakesed ning aitab \u00e4ra hoida hambakivi teket. Sisaldab valgendavaid aineid, mis eemaldavad hamba pinnalt kohvi, sigareti ja teiste parkainete j\u00e4\u00e4gid. Sisaldab fluoriidi. V\u00e4rske piparm\u00fcndi maitsega. Kitsastele hambavahedele. Libiseb hammaste vahel sujuvalt. Ei hargne ega katke. Hambaniit on immutatud fluoriidi ja hambapastaga. Unikaalne kaks-\u00fches kombinatsioon kaitseb, puhastab ja v\u00e4rskendab.<\/p>\n","protected":false},"excerpt":{"rendered":"<p>Eemaldab efektiivselt katu ja toiduosakesed ning aitab \u00e4ra hoida hambakivi teket. Sisaldab valgendavaid aineid, mis eemaldavad hamba pinnalt kohvi, sigareti ja teiste parkainete j\u00e4\u00e4gid. Sisaldab fluoriidi. V\u00e4rske piparm\u00fcndi maitsega. Kitsastele hambavahedele. Libiseb hammaste vahel sujuvalt. Ei hargne ega katke. Hambaniit on immutatud fluoriidi ja hambapastaga. Unikaalne kaks-\u00fches kombinatsioon kaitseb, puhastab ja v\u00e4rskendab.<\/p>\n","protected":false},"featured_media":11671,"comment_status":"closed","ping_status":"open","template":"","meta":{"_acf_changed":false},"product_brand":[312],"product_cat":[313,346],"product_tag":[],"class_list":{"0":"post-11670","1":"product","2":"type-product","3":"status-publish","4":"has-post-thumbnail","6":"product_brand-jordan","7":"product_cat-suuhooldus","8":"product_cat-hambavahepuhastid-ja-hambatikud","9":"pa_kogus-25-m","10":"pa_paritolumaa-malaisia","11":"pa_uhik-m","13":"first","14":"instock","15":"purchasable","16":"product-type-simple"},"acf":[],"_links":{"self":[{"href":"https:\/\/ursus.ee\/en\/wp-json\/wp\/v2\/product\/11670","targetHints":{"allow":["GET"]}}],"collection":[{"href":"https:\/\/ursus.ee\/en\/wp-json\/wp\/v2\/product"}],"about":[{"href":"https:\/\/ursus.ee\/en\/wp-json\/wp\/v2\/types\/product"}],"replies":[{"embeddable":true,"href":"https:\/\/ursus.ee\/en\/wp-json\/wp\/v2\/comments?post=11670"}],"wp:featuredmedia":[{"embeddable":true,"href":"https:\/\/ursus.ee\/en\/wp-json\/wp\/v2\/media\/11671"}],"wp:attachment":[{"href":"https:\/\/ursus.ee\/en\/wp-json\/wp\/v2\/media?parent=11670"}],"wp:term":[{"taxonomy":"product_brand","embeddable":true,"href":"https:\/\/ursus.ee\/en\/wp-json\/wp\/v2\/product_brand?post=11670"},{"taxonomy":"product_cat","embeddable":true,"href":"https:\/\/ursus.ee\/en\/wp-json\/wp\/v2\/product_cat?post=11670"},{"taxonomy":"product_tag","embeddable":true,"href":"https:\/\/ursus.ee\/en\/wp-json\/wp\/v2\/product_tag?post=11670"}],"curies":[{"name":"wp","href":"https:\/\/api.w.org\/{rel}","templated":true}]}}