{"id":11665,"date":"2025-12-16T17:41:33","date_gmt":"2025-12-16T15:41:33","guid":{"rendered":"https:\/\/ursus.ee\/toode\/hambaniit-paisuv-expand-2\/"},"modified":"2026-03-27T16:20:56","modified_gmt":"2026-03-27T14:20:56","slug":"hambaniit-paisuv-expand-2","status":"publish","type":"product","link":"https:\/\/ursus.ee\/en\/toode\/hambaniit-paisuv-expand-2\/","title":{"rendered":"Hambaniit paisuv Expand"},"content":{"rendered":"<p>Jordan Expand hambaniit paisub niiskuse m\u00f5jul ning eemaldab efektselt katu ja toiduosakeste j\u00e4\u00e4gid ka suurematest hambavahedest. Keskmise laiusega hambavahedele.<br \/>\nIdeaalne inimestele, kellel on hammaste v\u00f5i igemete \u00fclitundlikkus v\u00f5i igemete taandumine. Sisaldab fluoriidi, mis annab lisakaitse aukude eest, mille tendents on tekkida hammaste vahele. Hambaniit on immutatud fluoriidi ja hambapastaga \u2013 unikaalne kaks-\u00fches kombinatsioon kaitseb, puhastab ja v\u00e4rskendab.<\/p>\n","protected":false},"excerpt":{"rendered":"<p>Jordan Expand hambaniit paisub niiskuse m\u00f5jul ning eemaldab efektselt katu ja toiduosakeste j\u00e4\u00e4gid ka suurematest hambavahedest. Keskmise laiusega hambavahedele. Ideaalne inimestele, kellel on hammaste v\u00f5i igemete \u00fclitundlikkus v\u00f5i igemete taandumine. Sisaldab fluoriidi, mis annab lisakaitse aukude eest, mille tendents on tekkida hammaste vahele. Hambaniit on immutatud fluoriidi ja hambapastaga \u2013 unikaalne kaks-\u00fches kombinatsioon kaitseb, puhastab<\/p>\n","protected":false},"featured_media":11666,"comment_status":"closed","ping_status":"open","template":"","meta":{"_acf_changed":false},"product_brand":[312],"product_cat":[313,346],"product_tag":[],"class_list":{"0":"post-11665","1":"product","2":"type-product","3":"status-publish","4":"has-post-thumbnail","6":"product_brand-jordan","7":"product_cat-suuhooldus","8":"product_cat-hambavahepuhastid-ja-hambatikud","9":"pa_kogus-25-m","10":"pa_paritolumaa-malaisia","11":"pa_uhik-m","13":"first","14":"instock","15":"purchasable","16":"product-type-simple"},"acf":[],"_links":{"self":[{"href":"https:\/\/ursus.ee\/en\/wp-json\/wp\/v2\/product\/11665","targetHints":{"allow":["GET"]}}],"collection":[{"href":"https:\/\/ursus.ee\/en\/wp-json\/wp\/v2\/product"}],"about":[{"href":"https:\/\/ursus.ee\/en\/wp-json\/wp\/v2\/types\/product"}],"replies":[{"embeddable":true,"href":"https:\/\/ursus.ee\/en\/wp-json\/wp\/v2\/comments?post=11665"}],"wp:featuredmedia":[{"embeddable":true,"href":"https:\/\/ursus.ee\/en\/wp-json\/wp\/v2\/media\/11666"}],"wp:attachment":[{"href":"https:\/\/ursus.ee\/en\/wp-json\/wp\/v2\/media?parent=11665"}],"wp:term":[{"taxonomy":"product_brand","embeddable":true,"href":"https:\/\/ursus.ee\/en\/wp-json\/wp\/v2\/product_brand?post=11665"},{"taxonomy":"product_cat","embeddable":true,"href":"https:\/\/ursus.ee\/en\/wp-json\/wp\/v2\/product_cat?post=11665"},{"taxonomy":"product_tag","embeddable":true,"href":"https:\/\/ursus.ee\/en\/wp-json\/wp\/v2\/product_tag?post=11665"}],"curies":[{"name":"wp","href":"https:\/\/api.w.org\/{rel}","templated":true}]}}