{"id":11662,"date":"2025-12-16T17:41:33","date_gmt":"2025-12-16T15:41:33","guid":{"rendered":"https:\/\/ursus.ee\/toode\/hambaniit-everyday-2\/"},"modified":"2026-03-27T16:20:56","modified_gmt":"2026-03-27T14:20:56","slug":"hambaniit-everyday-2","status":"publish","type":"product","link":"https:\/\/ursus.ee\/en\/toode\/hambaniit-everyday-2\/","title":{"rendered":"Hambaniit Everyday"},"content":{"rendered":"<p>Kvaliteetne vahatatud niit eemaldab t\u00f5husalt hambakatu ja toiduosakesed. Immutatud fluoriidi ja m\u00fcndiga. Fluoriid aitab \u00e4ra hoida hambaaukude teket hammaste vahel ning m\u00fcnt tekitab meeldiva v\u00e4rskustunde.<\/p>\n","protected":false},"excerpt":{"rendered":"<p>Kvaliteetne vahatatud niit eemaldab t\u00f5husalt hambakatu ja toiduosakesed. Immutatud fluoriidi ja m\u00fcndiga. Fluoriid aitab \u00e4ra hoida hambaaukude teket hammaste vahel ning m\u00fcnt tekitab meeldiva v\u00e4rskustunde.<\/p>\n","protected":false},"featured_media":11663,"comment_status":"closed","ping_status":"open","template":"","meta":{"_acf_changed":false},"product_brand":[312],"product_cat":[313,346],"product_tag":[],"class_list":{"0":"post-11662","1":"product","2":"type-product","3":"status-publish","4":"has-post-thumbnail","6":"product_brand-jordan","7":"product_cat-suuhooldus","8":"product_cat-hambavahepuhastid-ja-hambatikud","9":"pa_kogus-5010-m","10":"pa_paritolumaa-malaisia","11":"pa_uhik-m","13":"first","14":"instock","15":"purchasable","16":"product-type-simple"},"acf":[],"_links":{"self":[{"href":"https:\/\/ursus.ee\/en\/wp-json\/wp\/v2\/product\/11662","targetHints":{"allow":["GET"]}}],"collection":[{"href":"https:\/\/ursus.ee\/en\/wp-json\/wp\/v2\/product"}],"about":[{"href":"https:\/\/ursus.ee\/en\/wp-json\/wp\/v2\/types\/product"}],"replies":[{"embeddable":true,"href":"https:\/\/ursus.ee\/en\/wp-json\/wp\/v2\/comments?post=11662"}],"wp:featuredmedia":[{"embeddable":true,"href":"https:\/\/ursus.ee\/en\/wp-json\/wp\/v2\/media\/11663"}],"wp:attachment":[{"href":"https:\/\/ursus.ee\/en\/wp-json\/wp\/v2\/media?parent=11662"}],"wp:term":[{"taxonomy":"product_brand","embeddable":true,"href":"https:\/\/ursus.ee\/en\/wp-json\/wp\/v2\/product_brand?post=11662"},{"taxonomy":"product_cat","embeddable":true,"href":"https:\/\/ursus.ee\/en\/wp-json\/wp\/v2\/product_cat?post=11662"},{"taxonomy":"product_tag","embeddable":true,"href":"https:\/\/ursus.ee\/en\/wp-json\/wp\/v2\/product_tag?post=11662"}],"curies":[{"name":"wp","href":"https:\/\/api.w.org\/{rel}","templated":true}]}}