{"id":11653,"date":"2025-12-16T17:41:33","date_gmt":"2025-12-16T15:41:33","guid":{"rendered":"https:\/\/ursus.ee\/toode\/hambahari-ultralite-white-soft-2\/"},"modified":"2026-03-27T16:20:56","modified_gmt":"2026-03-27T14:20:56","slug":"hambahari-ultralite-white-soft-2","status":"publish","type":"product","link":"https:\/\/ursus.ee\/en\/toode\/hambahari-ultralite-white-soft-2\/","title":{"rendered":"Hambahari Ultralite White Soft"},"content":{"rendered":"<p>Skandinaavia elustiilist inspiratsiooni ammutades oleme loonud t\u00e4iustatud ja kerge hambaharja. Hambahari aktiivseks elustiiliks. Stiilne, kerge k\u00e4epide, hea haardega. T\u00e4iustatud harjaste tehnoloogia tagab t\u00f5husa hambakatu eemaldamise ja \u00fclima t\u00e4psuse.  Unukaalne ja uuenduslik poleeriv harjaste tehnoloogia. Hea ulatuvusega t\u00f5hus hari tagab suurep\u00e4rase pleki- ja katueemalduse, valgemad hambad, suurep\u00e4rase puhastusefektiivsuse.<\/p>\n","protected":false},"excerpt":{"rendered":"<p>Skandinaavia elustiilist inspiratsiooni ammutades oleme loonud t\u00e4iustatud ja kerge hambaharja. Hambahari aktiivseks elustiiliks. Stiilne, kerge k\u00e4epide, hea haardega. T\u00e4iustatud harjaste tehnoloogia tagab t\u00f5husa hambakatu eemaldamise ja \u00fclima t\u00e4psuse. Unukaalne ja uuenduslik poleeriv harjaste tehnoloogia. Hea ulatuvusega t\u00f5hus hari tagab suurep\u00e4rase pleki- ja katueemalduse, valgemad hambad, suurep\u00e4rase puhastusefektiivsuse.<\/p>\n","protected":false},"featured_media":11654,"comment_status":"closed","ping_status":"open","template":"","meta":{"_acf_changed":false},"product_brand":[312],"product_cat":[313,321],"product_tag":[],"class_list":{"0":"post-11653","1":"product","2":"type-product","3":"status-publish","4":"has-post-thumbnail","6":"product_brand-jordan","7":"product_cat-suuhooldus","8":"product_cat-hambaharjad","9":"pa_kogus-1-tk","10":"pa_paritolumaa-taiwan","11":"pa_uhik-tk","13":"first","14":"instock","15":"purchasable","16":"product-type-simple"},"acf":[],"_links":{"self":[{"href":"https:\/\/ursus.ee\/en\/wp-json\/wp\/v2\/product\/11653","targetHints":{"allow":["GET"]}}],"collection":[{"href":"https:\/\/ursus.ee\/en\/wp-json\/wp\/v2\/product"}],"about":[{"href":"https:\/\/ursus.ee\/en\/wp-json\/wp\/v2\/types\/product"}],"replies":[{"embeddable":true,"href":"https:\/\/ursus.ee\/en\/wp-json\/wp\/v2\/comments?post=11653"}],"wp:featuredmedia":[{"embeddable":true,"href":"https:\/\/ursus.ee\/en\/wp-json\/wp\/v2\/media\/11654"}],"wp:attachment":[{"href":"https:\/\/ursus.ee\/en\/wp-json\/wp\/v2\/media?parent=11653"}],"wp:term":[{"taxonomy":"product_brand","embeddable":true,"href":"https:\/\/ursus.ee\/en\/wp-json\/wp\/v2\/product_brand?post=11653"},{"taxonomy":"product_cat","embeddable":true,"href":"https:\/\/ursus.ee\/en\/wp-json\/wp\/v2\/product_cat?post=11653"},{"taxonomy":"product_tag","embeddable":true,"href":"https:\/\/ursus.ee\/en\/wp-json\/wp\/v2\/product_tag?post=11653"}],"curies":[{"name":"wp","href":"https:\/\/api.w.org\/{rel}","templated":true}]}}