{"id":11643,"date":"2025-12-16T17:36:55","date_gmt":"2025-12-16T15:36:55","guid":{"rendered":"https:\/\/ursus.ee\/toode\/hambahari-ultralite-soft-2-pakk-2\/"},"modified":"2026-03-27T16:20:56","modified_gmt":"2026-03-27T14:20:56","slug":"hambahari-ultralite-soft-2-pakk-2","status":"publish","type":"product","link":"https:\/\/ursus.ee\/en\/toode\/hambahari-ultralite-soft-2-pakk-2\/","title":{"rendered":"Hambahari Ultralite Soft 2-pakk"},"content":{"rendered":"<p>Jordan UltraLite on esimene omataoline hambahari. Aktiivsest Skandinaavia elustiilist inspiratsiooni ammutades oleme loonud t\u00e4iustatud ja kerge hambaharja, mis \u00fchendab endas Skandinaavia disainim\u00f5tlemise parimad k\u00fcljed. Selle k\u00f5igest 9,2-grammise kaalu ja keeruka kuusnurkse mustriga saime kasutada 50% v\u00e4hem plastikut, s\u00e4ilitades samas kvaliteetse \u00fchest materjalist k\u00e4epideme. Tagamaks, et teil oleks \u00fclima ulatuvusega \u00f5rn hambahari, oleme muutnud k\u00e4epideme ka eriti paindlikuks. Meie ankruvaba harjaste tehnoloogia koos aktiivse otsaga tagab teile h\u00f5lpsa juurdep\u00e4\u00e4su purihammastele, t\u00f5husa hambakatu eemaldamise ja \u00fcldise suurep\u00e4rase puhastusefektiivsuse.<\/p>\n","protected":false},"excerpt":{"rendered":"<p>Jordan UltraLite on esimene omataoline hambahari. Aktiivsest Skandinaavia elustiilist inspiratsiooni ammutades oleme loonud t\u00e4iustatud ja kerge hambaharja, mis \u00fchendab endas Skandinaavia disainim\u00f5tlemise parimad k\u00fcljed. Selle k\u00f5igest 9,2-grammise kaalu ja keeruka kuusnurkse mustriga saime kasutada 50% v\u00e4hem plastikut, s\u00e4ilitades samas kvaliteetse \u00fchest materjalist k\u00e4epideme. Tagamaks, et teil oleks \u00fclima ulatuvusega \u00f5rn hambahari, oleme muutnud k\u00e4epideme ka<\/p>\n","protected":false},"featured_media":11644,"comment_status":"closed","ping_status":"open","template":"","meta":{"_acf_changed":false},"product_brand":[312],"product_cat":[313,321],"product_tag":[],"class_list":{"0":"post-11643","1":"product","2":"type-product","3":"status-publish","4":"has-post-thumbnail","6":"product_brand-jordan","7":"product_cat-suuhooldus","8":"product_cat-hambaharjad","9":"pa_kogus-2-tk","10":"pa_paritolumaa-taiwan","11":"pa_uhik-tk","13":"first","14":"instock","15":"purchasable","16":"product-type-simple"},"acf":[],"_links":{"self":[{"href":"https:\/\/ursus.ee\/en\/wp-json\/wp\/v2\/product\/11643","targetHints":{"allow":["GET"]}}],"collection":[{"href":"https:\/\/ursus.ee\/en\/wp-json\/wp\/v2\/product"}],"about":[{"href":"https:\/\/ursus.ee\/en\/wp-json\/wp\/v2\/types\/product"}],"replies":[{"embeddable":true,"href":"https:\/\/ursus.ee\/en\/wp-json\/wp\/v2\/comments?post=11643"}],"wp:featuredmedia":[{"embeddable":true,"href":"https:\/\/ursus.ee\/en\/wp-json\/wp\/v2\/media\/11644"}],"wp:attachment":[{"href":"https:\/\/ursus.ee\/en\/wp-json\/wp\/v2\/media?parent=11643"}],"wp:term":[{"taxonomy":"product_brand","embeddable":true,"href":"https:\/\/ursus.ee\/en\/wp-json\/wp\/v2\/product_brand?post=11643"},{"taxonomy":"product_cat","embeddable":true,"href":"https:\/\/ursus.ee\/en\/wp-json\/wp\/v2\/product_cat?post=11643"},{"taxonomy":"product_tag","embeddable":true,"href":"https:\/\/ursus.ee\/en\/wp-json\/wp\/v2\/product_tag?post=11643"}],"curies":[{"name":"wp","href":"https:\/\/api.w.org\/{rel}","templated":true}]}}