{"id":11625,"date":"2025-12-16T17:36:55","date_gmt":"2025-12-16T15:36:55","guid":{"rendered":"https:\/\/ursus.ee\/toode\/hambahari-ultimate-you-soft-2\/"},"modified":"2026-03-27T16:20:56","modified_gmt":"2026-03-27T14:20:56","slug":"hambahari-ultimate-you-soft-2","status":"publish","type":"product","link":"https:\/\/ursus.ee\/en\/toode\/hambahari-ultimate-you-soft-2\/","title":{"rendered":"Hambahari Ultimate You Soft"},"content":{"rendered":"<p>Jordan Ultimate You hambahari \u00fchendab trendika disaini ja kasutatavuse.\u00a0Ultimate You hambahari on saadaval mitmesugustes v\u00e4rvides ja mustrites.\u00a0V\u00e4ike harja pea ulatub h\u00e4sti kogu suhu.\u00a0Pikemad hambaharjad teevad kergesti puhastatavaks raskesti ligip\u00e4\u00e4setavad piirkonnad suu tagaosas, hammastel ja hammaste \u00fcmber.\u00a0Stiilne ja ergonoomiliselt kujundatud k\u00e4epide tagab hea haarde.<\/p>\n","protected":false},"excerpt":{"rendered":"<p>Jordan Ultimate You hambahari \u00fchendab trendika disaini ja kasutatavuse.\u00a0Ultimate You hambahari on saadaval mitmesugustes v\u00e4rvides ja mustrites.\u00a0V\u00e4ike harja pea ulatub h\u00e4sti kogu suhu.\u00a0Pikemad hambaharjad teevad kergesti puhastatavaks raskesti ligip\u00e4\u00e4setavad piirkonnad suu tagaosas, hammastel ja hammaste \u00fcmber.\u00a0Stiilne ja ergonoomiliselt kujundatud k\u00e4epide tagab hea haarde.<\/p>\n","protected":false},"featured_media":11626,"comment_status":"closed","ping_status":"open","template":"","meta":{"_acf_changed":false},"product_brand":[312],"product_cat":[313,321],"product_tag":[],"class_list":{"0":"post-11625","1":"product","2":"type-product","3":"status-publish","4":"has-post-thumbnail","6":"product_brand-jordan","7":"product_cat-suuhooldus","8":"product_cat-hambaharjad","9":"pa_kogus-1-tk","10":"pa_paritolumaa-malaisia","11":"pa_uhik-tk","13":"first","14":"instock","15":"purchasable","16":"product-type-simple"},"acf":[],"_links":{"self":[{"href":"https:\/\/ursus.ee\/en\/wp-json\/wp\/v2\/product\/11625","targetHints":{"allow":["GET"]}}],"collection":[{"href":"https:\/\/ursus.ee\/en\/wp-json\/wp\/v2\/product"}],"about":[{"href":"https:\/\/ursus.ee\/en\/wp-json\/wp\/v2\/types\/product"}],"replies":[{"embeddable":true,"href":"https:\/\/ursus.ee\/en\/wp-json\/wp\/v2\/comments?post=11625"}],"wp:featuredmedia":[{"embeddable":true,"href":"https:\/\/ursus.ee\/en\/wp-json\/wp\/v2\/media\/11626"}],"wp:attachment":[{"href":"https:\/\/ursus.ee\/en\/wp-json\/wp\/v2\/media?parent=11625"}],"wp:term":[{"taxonomy":"product_brand","embeddable":true,"href":"https:\/\/ursus.ee\/en\/wp-json\/wp\/v2\/product_brand?post=11625"},{"taxonomy":"product_cat","embeddable":true,"href":"https:\/\/ursus.ee\/en\/wp-json\/wp\/v2\/product_cat?post=11625"},{"taxonomy":"product_tag","embeddable":true,"href":"https:\/\/ursus.ee\/en\/wp-json\/wp\/v2\/product_tag?post=11625"}],"curies":[{"name":"wp","href":"https:\/\/api.w.org\/{rel}","templated":true}]}}