{"id":11618,"date":"2025-12-16T17:36:55","date_gmt":"2025-12-16T15:36:55","guid":{"rendered":"https:\/\/ursus.ee\/toode\/hambahari-total-clean-soft-4-pakk-2\/"},"modified":"2026-03-27T16:20:55","modified_gmt":"2026-03-27T14:20:55","slug":"hambahari-total-clean-soft-4-pakk-2","status":"publish","type":"product","link":"https:\/\/ursus.ee\/en\/toode\/hambahari-total-clean-soft-4-pakk-2\/","title":{"rendered":"Hambahari Total Clean Soft 4-pakk"},"content":{"rendered":"<p>Total Clean hambaharjal on multifunktsionaalsed harjased, mis puhastavad hambad ja igemed t\u00f5husalt ning tagab v\u00e4rske hinge\u00f5hu.\u00a0Hambaharja pea tagak\u00fcljel on keele puhastaja, mis eemaldab bakterid, mis v\u00f5ivad kaasa aidata halvale hinge\u00f5hule.\u00a0\u00d5huke, kerge ja paindlik k\u00e4epide on sobiv hoidmiseks ja intuitiivselt takistab liiga rasket harjamist.<\/p>\n","protected":false},"excerpt":{"rendered":"<p>Total Clean hambaharjal on multifunktsionaalsed harjased, mis puhastavad hambad ja igemed t\u00f5husalt ning tagab v\u00e4rske hinge\u00f5hu.\u00a0Hambaharja pea tagak\u00fcljel on keele puhastaja, mis eemaldab bakterid, mis v\u00f5ivad kaasa aidata halvale hinge\u00f5hule.\u00a0\u00d5huke, kerge ja paindlik k\u00e4epide on sobiv hoidmiseks ja intuitiivselt takistab liiga rasket harjamist.<\/p>\n","protected":false},"featured_media":11619,"comment_status":"closed","ping_status":"open","template":"","meta":{"_acf_changed":false},"product_brand":[312],"product_cat":[313,321],"product_tag":[],"class_list":{"0":"post-11618","1":"product","2":"type-product","3":"status-publish","4":"has-post-thumbnail","6":"product_brand-jordan","7":"product_cat-suuhooldus","8":"product_cat-hambaharjad","9":"pa_kogus-4-tk","10":"pa_paritolumaa-malaisia","11":"pa_uhik-tk","13":"first","14":"instock","15":"purchasable","16":"product-type-simple"},"acf":[],"_links":{"self":[{"href":"https:\/\/ursus.ee\/en\/wp-json\/wp\/v2\/product\/11618","targetHints":{"allow":["GET"]}}],"collection":[{"href":"https:\/\/ursus.ee\/en\/wp-json\/wp\/v2\/product"}],"about":[{"href":"https:\/\/ursus.ee\/en\/wp-json\/wp\/v2\/types\/product"}],"replies":[{"embeddable":true,"href":"https:\/\/ursus.ee\/en\/wp-json\/wp\/v2\/comments?post=11618"}],"wp:featuredmedia":[{"embeddable":true,"href":"https:\/\/ursus.ee\/en\/wp-json\/wp\/v2\/media\/11619"}],"wp:attachment":[{"href":"https:\/\/ursus.ee\/en\/wp-json\/wp\/v2\/media?parent=11618"}],"wp:term":[{"taxonomy":"product_brand","embeddable":true,"href":"https:\/\/ursus.ee\/en\/wp-json\/wp\/v2\/product_brand?post=11618"},{"taxonomy":"product_cat","embeddable":true,"href":"https:\/\/ursus.ee\/en\/wp-json\/wp\/v2\/product_cat?post=11618"},{"taxonomy":"product_tag","embeddable":true,"href":"https:\/\/ursus.ee\/en\/wp-json\/wp\/v2\/product_tag?post=11618"}],"curies":[{"name":"wp","href":"https:\/\/api.w.org\/{rel}","templated":true}]}}