{"id":11609,"date":"2025-12-16T17:36:55","date_gmt":"2025-12-16T15:36:55","guid":{"rendered":"https:\/\/ursus.ee\/toode\/hambahari-target-sensitiv-ultrasoft-2-pakk-2\/"},"modified":"2026-03-27T16:20:55","modified_gmt":"2026-03-27T14:20:55","slug":"hambahari-target-sensitiv-ultrasoft-2-pakk-2","status":"publish","type":"product","link":"https:\/\/ursus.ee\/en\/toode\/hambahari-target-sensitiv-ultrasoft-2-pakk-2\/","title":{"rendered":"Hambahari Target Sensitiv Ultrasoft 2-pakk"},"content":{"rendered":"<p>Ultrasoft harjastega hari \u00f5rnaks kuid samas t\u00f5husaks puhastamiseks. \u00d5hukeste otstega mikrotipp harjased ulatuvad hambavahedesse ja annavad parema puhastustulemuse igemepiirilt. V\u00e4ikese peaga hambahari tagab parema man\u00f6\u00f6verdatavuse ja v\u00f5imaldab paremini puhastada hamba k\u00f5ik k\u00fcljed. Ultrasoft harjased &#8211; eriti \u00f5rn hambaemailile. \u00d5hukesed 0,01mm mikrotipp harjased optimaalseks puhastamiseks hammaste vahelt. V\u00e4ike harja pea maksimaalseks ligip\u00e4\u00e4suks. T\u00f5hus puhastus tundlikele hammastele.<\/p>\n","protected":false},"excerpt":{"rendered":"<p>Ultrasoft harjastega hari \u00f5rnaks kuid samas t\u00f5husaks puhastamiseks. \u00d5hukeste otstega mikrotipp harjased ulatuvad hambavahedesse ja annavad parema puhastustulemuse igemepiirilt. V\u00e4ikese peaga hambahari tagab parema man\u00f6\u00f6verdatavuse ja v\u00f5imaldab paremini puhastada hamba k\u00f5ik k\u00fcljed. Ultrasoft harjased &#8211; eriti \u00f5rn hambaemailile. \u00d5hukesed 0,01mm mikrotipp harjased optimaalseks puhastamiseks hammaste vahelt. V\u00e4ike harja pea maksimaalseks ligip\u00e4\u00e4suks. T\u00f5hus puhastus tundlikele hammastele.<\/p>\n","protected":false},"featured_media":11610,"comment_status":"closed","ping_status":"open","template":"","meta":{"_acf_changed":false},"product_brand":[312],"product_cat":[313,321],"product_tag":[],"class_list":{"0":"post-11609","1":"product","2":"type-product","3":"status-publish","4":"has-post-thumbnail","6":"product_brand-jordan","7":"product_cat-suuhooldus","8":"product_cat-hambaharjad","9":"pa_kogus-2-tk","10":"pa_paritolumaa-malaisia","11":"pa_uhik-tk","13":"first","14":"instock","15":"purchasable","16":"product-type-simple"},"acf":[],"_links":{"self":[{"href":"https:\/\/ursus.ee\/en\/wp-json\/wp\/v2\/product\/11609","targetHints":{"allow":["GET"]}}],"collection":[{"href":"https:\/\/ursus.ee\/en\/wp-json\/wp\/v2\/product"}],"about":[{"href":"https:\/\/ursus.ee\/en\/wp-json\/wp\/v2\/types\/product"}],"replies":[{"embeddable":true,"href":"https:\/\/ursus.ee\/en\/wp-json\/wp\/v2\/comments?post=11609"}],"wp:featuredmedia":[{"embeddable":true,"href":"https:\/\/ursus.ee\/en\/wp-json\/wp\/v2\/media\/11610"}],"wp:attachment":[{"href":"https:\/\/ursus.ee\/en\/wp-json\/wp\/v2\/media?parent=11609"}],"wp:term":[{"taxonomy":"product_brand","embeddable":true,"href":"https:\/\/ursus.ee\/en\/wp-json\/wp\/v2\/product_brand?post=11609"},{"taxonomy":"product_cat","embeddable":true,"href":"https:\/\/ursus.ee\/en\/wp-json\/wp\/v2\/product_cat?post=11609"},{"taxonomy":"product_tag","embeddable":true,"href":"https:\/\/ursus.ee\/en\/wp-json\/wp\/v2\/product_tag?post=11609"}],"curies":[{"name":"wp","href":"https:\/\/api.w.org\/{rel}","templated":true}]}}