{"id":11596,"date":"2025-12-16T17:36:55","date_gmt":"2025-12-16T15:36:55","guid":{"rendered":"https:\/\/ursus.ee\/toode\/hambahari-step3-lastele-6-2-pakk-2\/"},"modified":"2026-03-27T16:20:55","modified_gmt":"2026-03-27T14:20:55","slug":"hambahari-step3-lastele-6-2-pakk-2","status":"publish","type":"product","link":"https:\/\/ursus.ee\/en\/toode\/hambahari-step3-lastele-6-2-pakk-2\/","title":{"rendered":"Hambahari Step3 lastele 6+ 2-pakk"},"content":{"rendered":"<p>6-9 aastaste laste hammaste pesemine on v\u00e4ljakutse. Lapse suus on piima- ja j\u00e4\u00e4vhambad, mille tasapind on eba\u00fchtlase k\u00f5rgusega. Harja tipus olevad pikemad harjased ulatuvad ka tagumiste purihammasteni ning raskesti ligip\u00e4\u00e4setavatesse hammaste vahedesse. Pehmed harjased ja harja disain v\u00f5imaldavad optimaalselt puhastada piima- ja j\u00e4\u00e4vhambaid. Hambapasta indikaator &#8211; kandke pasta sinistele harjastele, see kogus on piisav lapse hammaste pesemiseks. K\u00e4epide on mugav lapsele ja teda abistavale t\u00e4iskasvanule.<\/p>\n","protected":false},"excerpt":{"rendered":"<p>6-9 aastaste laste hammaste pesemine on v\u00e4ljakutse. Lapse suus on piima- ja j\u00e4\u00e4vhambad, mille tasapind on eba\u00fchtlase k\u00f5rgusega. Harja tipus olevad pikemad harjased ulatuvad ka tagumiste purihammasteni ning raskesti ligip\u00e4\u00e4setavatesse hammaste vahedesse. Pehmed harjased ja harja disain v\u00f5imaldavad optimaalselt puhastada piima- ja j\u00e4\u00e4vhambaid. Hambapasta indikaator &#8211; kandke pasta sinistele harjastele, see kogus on piisav lapse<\/p>\n","protected":false},"featured_media":11597,"comment_status":"closed","ping_status":"open","template":"","meta":{"_acf_changed":false},"product_brand":[312],"product_cat":[313,321],"product_tag":[],"class_list":{"0":"post-11596","1":"product","2":"type-product","3":"status-publish","4":"has-post-thumbnail","6":"product_brand-jordan","7":"product_cat-suuhooldus","8":"product_cat-hambaharjad","9":"pa_kogus-2-tk","10":"pa_paritolumaa-hiina","11":"pa_uhik-tk","13":"first","14":"instock","15":"purchasable","16":"product-type-simple"},"acf":[],"_links":{"self":[{"href":"https:\/\/ursus.ee\/en\/wp-json\/wp\/v2\/product\/11596","targetHints":{"allow":["GET"]}}],"collection":[{"href":"https:\/\/ursus.ee\/en\/wp-json\/wp\/v2\/product"}],"about":[{"href":"https:\/\/ursus.ee\/en\/wp-json\/wp\/v2\/types\/product"}],"replies":[{"embeddable":true,"href":"https:\/\/ursus.ee\/en\/wp-json\/wp\/v2\/comments?post=11596"}],"wp:featuredmedia":[{"embeddable":true,"href":"https:\/\/ursus.ee\/en\/wp-json\/wp\/v2\/media\/11597"}],"wp:attachment":[{"href":"https:\/\/ursus.ee\/en\/wp-json\/wp\/v2\/media?parent=11596"}],"wp:term":[{"taxonomy":"product_brand","embeddable":true,"href":"https:\/\/ursus.ee\/en\/wp-json\/wp\/v2\/product_brand?post=11596"},{"taxonomy":"product_cat","embeddable":true,"href":"https:\/\/ursus.ee\/en\/wp-json\/wp\/v2\/product_cat?post=11596"},{"taxonomy":"product_tag","embeddable":true,"href":"https:\/\/ursus.ee\/en\/wp-json\/wp\/v2\/product_tag?post=11596"}],"curies":[{"name":"wp","href":"https:\/\/api.w.org\/{rel}","templated":true}]}}